{"id":213,"date":"2019-12-10T15:22:00","date_gmt":"2019-12-10T14:22:00","guid":{"rendered":"http:\/\/lalignementceleste.com\/?page_id=213"},"modified":"2025-12-28T08:48:39","modified_gmt":"2025-12-28T07:48:39","slug":"agenda","status":"publish","type":"page","link":"https:\/\/lalignementceleste.com\/index.php\/agenda\/","title":{"rendered":"Formations"},"content":{"rendered":"<p>[et_pb_section fb_built=&#8221;1&#8243; _builder_version=&#8221;4.27.5&#8243; _module_preset=&#8221;default&#8221; background_color=&#8221;#FFFFFF&#8221; global_colors_info=&#8221;{}&#8221;][et_pb_row _builder_version=&#8221;4.27.5&#8243; _module_preset=&#8221;default&#8221; background_color=&#8221;#FFFFFF&#8221; custom_margin=&#8221;2px||||false|false&#8221; custom_padding=&#8221;13px||11px||false|false&#8221; global_colors_info=&#8221;{}&#8221;][et_pb_column type=&#8221;4_4&#8243; _builder_version=&#8221;4.22.2&#8243; _module_preset=&#8221;default&#8221; global_colors_info=&#8221;{}&#8221;][et_pb_text _builder_version=&#8221;4.27.5&#8243; _module_preset=&#8221;default&#8221; text_font=&#8221;|300|||||||&#8221; text_text_color=&#8221;gcid-0ae30d90-be43-4910-82a2-f6c97c2f65d8&#8243; header_text_color=&#8221;#ffffff&#8221; background_color=&#8221;#FFFFFF&#8221; global_colors_info=&#8221;{%22gcid-0ae30d90-be43-4910-82a2-f6c97c2f65d8%22:%91%22text_text_color%22%93}&#8221;]<\/p>\n<h2 style=\"text-align: center;\">Formations<strong> \u00e0 venir<\/strong><\/h2>\n<p style=\"text-align: center;\"><span style=\"color: #000000;\"><strong>D\u00e8s janvier 2026: Mon outil professionnel, l&#8217;Astrologie et ses fr\u00e9quences\u2026 d\u00e9veloppez vos connaissances au service des autres et augmentez votre potentiel fr\u00e9quentiel<\/strong><\/span><\/p>\n<p>[\/et_pb_text][\/et_pb_column][\/et_pb_row][\/et_pb_section][et_pb_section fb_built=&#8221;1&#8243; admin_label=&#8221;section FORMATIONS&#8221; _builder_version=&#8221;4.25.0&#8243; background_color=&#8221;gcid-0ae30d90-be43-4910-82a2-f6c97c2f65d8&#8243; background_image=&#8221;https:\/\/lalignementceleste.com\/wp-content\/uploads\/2023\/09\/cerf.jpg&#8221; parallax=&#8221;on&#8221; custom_padding=&#8221;0px|0px|0px|0px&#8221; global_colors_info=&#8221;{%22gcid-0ae30d90-be43-4910-82a2-f6c97c2f65d8%22:%91%22background_color%22%93}&#8221;][et_pb_row _builder_version=&#8221;4.22.2&#8243; _module_preset=&#8221;default&#8221; custom_padding=&#8221;11px|||||&#8221; global_colors_info=&#8221;{}&#8221;][et_pb_column type=&#8221;4_4&#8243; _builder_version=&#8221;4.22.2&#8243; _module_preset=&#8221;default&#8221; global_colors_info=&#8221;{}&#8221;][\/et_pb_column][\/et_pb_row][et_pb_row column_structure=&#8221;1_4,1_4,1_4,1_4&#8243; _builder_version=&#8221;4.22.2&#8243; _module_preset=&#8221;default&#8221; custom_padding=&#8221;4px||||false|false&#8221; global_colors_info=&#8221;{}&#8221;][et_pb_column type=&#8221;1_4&#8243; _builder_version=&#8221;4.22.2&#8243; _module_preset=&#8221;default&#8221; global_colors_info=&#8221;{}&#8221;][et_pb_cta title=&#8221;Astrologie et soins fr\u00e9quences&#8221; button_url=&#8221;https:\/\/lalignementceleste.com\/index.php\/astrologie\/&#8221; button_text=&#8221;En savoir plus&#8221; _builder_version=&#8221;4.27.5&#8243; _module_preset=&#8221;default&#8221; header_text_align=&#8221;center&#8221; header_text_color=&#8221;#000000&#8243; header_letter_spacing=&#8221;1px&#8221; background_color=&#8221;gcid-eeb9994c-919e-45a9-bfec-d1e06efa1a34&#8243; custom_button=&#8221;on&#8221; button_text_color=&#8221;#000000&#8243; button_border_color=&#8221;#000000&#8243; button_icon=&#8221;&#x52;||divi||400&#8243; background_layout=&#8221;light&#8221; custom_padding=&#8221;8px|8px|12px|8px|false|false&#8221; hover_enabled=&#8221;0&#8243; border_radii=&#8221;on|6px|6px|6px|6px&#8221; global_colors_info=&#8221;{%22gcid-eeb9994c-919e-45a9-bfec-d1e06efa1a34%22:%91%22background_color%22%93}&#8221; sticky_enabled=&#8221;0&#8243;]<\/p>\n<p><img loading=\"lazy\" decoding=\"async\" src=\"https:\/\/lalignementceleste.com\/wp-content\/uploads\/2023\/10\/Capture-decran-2023-10-16-a-21.23.29.png\" width=\"158\" height=\"159\" alt=\"\" class=\"wp-image-4782 alignnone size-full\" \/><\/p>\n<h5><strong>NOUVEAU<\/strong><\/h5>\n<p>Apprenez les profondeurs de vos origines \u00a0en soignant avec l&#8217;astrologie karmique et les fr\u00e9quences \u00a0cosmiques, \u00e0 travers cette formation longue certifiante de 3 ans, rdv mensuels en ligne, accessible \u00e0 tous.<\/p>\n<p>[\/et_pb_cta][\/et_pb_column][et_pb_column type=&#8221;1_4&#8243; _builder_version=&#8221;4.22.2&#8243; _module_preset=&#8221;default&#8221; global_colors_info=&#8221;{}&#8221;][et_pb_cta title=&#8221; Feng Shui de votre maison&#8221; button_url=&#8221;https:\/\/lalignementceleste.com\/index.php\/formation-feng-shui\/&#8221; button_text=&#8221;En savoir plus&#8221; _builder_version=&#8221;4.25.0&#8243; _module_preset=&#8221;default&#8221; header_text_align=&#8221;center&#8221; header_text_color=&#8221;#000000&#8243; header_letter_spacing=&#8221;1px&#8221; background_color=&#8221;gcid-eeb9994c-919e-45a9-bfec-d1e06efa1a34&#8243; custom_button=&#8221;on&#8221; button_text_color=&#8221;#000000&#8243; button_border_color=&#8221;#000000&#8243; button_alignment=&#8221;center&#8221; background_layout=&#8221;light&#8221; custom_padding=&#8221;8px|8px|12px|8px|false|false&#8221; border_radii=&#8221;on|6px|6px|6px|6px&#8221; global_colors_info=&#8221;{%22gcid-eeb9994c-919e-45a9-bfec-d1e06efa1a34%22:%91%22background_color%22%93}&#8221;]<\/p>\n<p><img loading=\"lazy\" decoding=\"async\" src=\"https:\/\/lalignementceleste.com\/wp-content\/uploads\/2023\/09\/Feng_Shui_Bagua.jpg\" width=\"157\" height=\"157\" alt=\"\" class=\"wp-image-4384 alignnone size-full\" srcset=\"https:\/\/lalignementceleste.com\/wp-content\/uploads\/2023\/09\/Feng_Shui_Bagua.jpg 576w, https:\/\/lalignementceleste.com\/wp-content\/uploads\/2023\/09\/Feng_Shui_Bagua-300x300.jpg 300w, https:\/\/lalignementceleste.com\/wp-content\/uploads\/2023\/09\/Feng_Shui_Bagua-150x150.jpg 150w\" sizes=\"(max-width: 157px) 100vw, 157px\" \/><\/p>\n<p>Apprenez les profondeurs de vos origines avec l&#8217;astrologie karmique afin de d\u00e9couvrir le sens et la direction de votre vie, devenez conscient de votre r\u00f4le d&#8217;observateur et d&#8217; acteur de vous m\u00eame. Formation sur 3 mois.<\/p>\n<p>[\/et_pb_cta][\/et_pb_column][et_pb_column type=&#8221;1_4&#8243; _builder_version=&#8221;4.22.2&#8243; _module_preset=&#8221;default&#8221; global_colors_info=&#8221;{}&#8221;][et_pb_cta title=&#8221;Ateliers pendule decouverte&#8221; button_url=&#8221;https:\/\/lalignementceleste.com\/index.php\/atelier-pendule\/&#8221; button_text=&#8221;En savoir plus&#8221; _builder_version=&#8221;4.25.0&#8243; _module_preset=&#8221;default&#8221; header_text_align=&#8221;center&#8221; header_text_color=&#8221;#000000&#8243; header_letter_spacing=&#8221;2px&#8221; background_color=&#8221;gcid-eeb9994c-919e-45a9-bfec-d1e06efa1a34&#8243; custom_button=&#8221;on&#8221; button_text_color=&#8221;#000000&#8243; button_border_color=&#8221;#000000&#8243; background_layout=&#8221;light&#8221; custom_padding=&#8221;8px|8px|12px|8px|false|false&#8221; border_radii=&#8221;on|6px|6px|6px|6px&#8221; global_colors_info=&#8221;{%22gcid-eeb9994c-919e-45a9-bfec-d1e06efa1a34%22:%91%22background_color%22%93}&#8221;]<\/p>\n<p><img loading=\"lazy\" decoding=\"async\" src=\"https:\/\/lalignementceleste.com\/wp-content\/uploads\/2023\/10\/Capture-decran-2023-10-16-a-22.31.55.png\" width=\"159\" height=\"159\" alt=\"\" class=\"wp-image-4788 alignnone size-full\" \/><\/p>\n<p>D\u00e9veloppez votre ressenti et trouvez vos propres r\u00e9ponses \u00e0 travers ce petit outil bien pratique pour toutes vos recherches. Ateliers de pratiques pour d\u00e9marrer pas \u00e0 pas et d\u00e9courvir les \u00a0milles actions en toute autonomie.<\/p>\n<p>[\/et_pb_cta][\/et_pb_column][et_pb_column type=&#8221;1_4&#8243; _builder_version=&#8221;4.22.2&#8243; _module_preset=&#8221;default&#8221; global_colors_info=&#8221;{}&#8221;][et_pb_cta title=&#8221;Ateliers pendule Thoth&#8221; button_url=&#8221;https:\/\/lalignementceleste.com\/index.php\/initiation-au-pendule-de-thoth\/&#8221; button_text=&#8221;En savoir plus&#8221; _builder_version=&#8221;4.25.0&#8243; _module_preset=&#8221;default&#8221; header_text_align=&#8221;center&#8221; header_text_color=&#8221;#000000&#8243; header_letter_spacing=&#8221;2px&#8221; background_color=&#8221;gcid-eeb9994c-919e-45a9-bfec-d1e06efa1a34&#8243; custom_button=&#8221;on&#8221; button_text_color=&#8221;#000000&#8243; button_border_color=&#8221;#000000&#8243; background_layout=&#8221;light&#8221; custom_padding=&#8221;8px|8px|12px|8px|false|false&#8221; border_radii=&#8221;on|6px|6px|6px|6px&#8221; global_colors_info=&#8221;{%22gcid-eeb9994c-919e-45a9-bfec-d1e06efa1a34%22:%91%22background_color%22%93}&#8221;]<\/p>\n<p><img loading=\"lazy\" decoding=\"async\" src=\"https:\/\/lalignementceleste.com\/wp-content\/uploads\/2023\/10\/Capture-decran-2023-10-16-a-22.41.56.png\" width=\"158\" height=\"158\" alt=\"\" class=\"wp-image-4789 alignnone size-full\" \/><\/p>\n<p style=\"text-align: center;\">Cette initiation en 3 ateliers propose d&#8217;utiliser ce pendule \u00e9metteur-r\u00e9cepteur pour vos soins ou auto-soins quantiques, aiguisant encore plus loin vos perceptions. (Pr\u00e9-requis: l&#8217;initiation au pendule de 2 ateliers)<\/p>\n<p>[\/et_pb_cta][et_pb_blurb _builder_version=&#8221;4.22.2&#8243; _module_preset=&#8221;default&#8221; global_colors_info=&#8221;{}&#8221;][\/et_pb_blurb][\/et_pb_column][\/et_pb_row][\/et_pb_section][et_pb_section fb_built=&#8221;1&#8243; _builder_version=&#8221;4.25.0&#8243; _module_preset=&#8221;default&#8221; background_color=&#8221;#fce4db&#8221; background_enable_image=&#8221;off&#8221; parallax=&#8221;on&#8221; global_colors_info=&#8221;{}&#8221;][et_pb_row _builder_version=&#8221;4.22.2&#8243; _module_preset=&#8221;default&#8221; global_colors_info=&#8221;{}&#8221;][et_pb_column type=&#8221;4_4&#8243; _builder_version=&#8221;4.22.2&#8243; _module_preset=&#8221;default&#8221; global_colors_info=&#8221;{}&#8221;][et_pb_text _builder_version=&#8221;4.25.0&#8243; _module_preset=&#8221;default&#8221; text_text_color=&#8221;gcid-c7db7cfe-3315-448c-ba23-4edffe7e7d03&#8243; global_colors_info=&#8221;{%22gcid-c7db7cfe-3315-448c-ba23-4edffe7e7d03%22:%91%22text_text_color%22%93}&#8221;]<\/p>\n<p style=\"text-align: center;\"><strong>Pour le moment, ces formations ne sont pas programm\u00e9es.<\/strong><\/p>\n<p style=\"text-align: center;\"><strong>Vous pouvez vous inscrire \u00e0 la newletter pour recevoir les prochaines dates.<\/strong><\/p>\n<p style=\"text-align: center;\"><strong><\/strong><\/p>\n<p style=\"text-align: center;\"><strong><\/strong><\/p>\n<p style=\"text-align: center;\"><strong>Pourquoi Choisir Ces Formations ?<\/strong><\/p>\n<p><strong><\/strong><\/p>\n<p style=\"text-align: center;\">-Car vous serez guid\u00e9 tout au long de votre parcours.<\/p>\n<p style=\"text-align: center;\">-Des modules de cours sont complets, avec des sessions interactives et des exercices pratiques pour une exp\u00e9rience d&#8217;apprentissage enrichissante.<\/p>\n<p style=\"text-align: center;\">-Un soutien continu sera mis en place pour vous aider \u00e0 int\u00e9grer les connaissances et les comp\u00e9tences dans votre vie quotidienne.<\/p>\n<p style=\"text-align: center;\">-Vous int\u00e9grerez des communaut\u00e9s d&#8217;apprentissage port\u00e9s dans ces domaines de pr\u00e9diection pour \u00e9changer des id\u00e9es, partager des exp\u00e9riences et grandir ensemble.<\/p>\n<h3 style=\"text-align: center;\"><span style=\"font-family: inherit; font-weight: normal; font-size: large; color: #000000;\"><strong>D\u00e9marrage Imminent\u00a0<\/strong><\/span><\/h3>\n<p><strong><\/strong><\/p>\n<p style=\"text-align: center;\">Pr\u00eat \u00e0 plonger dans le monde du pendule, du Feng Shui et de l&#8217;astrologie ? Ces formations vous offrent une opportunit\u00e9 exceptionnelle d&#8217;exploration, de transformation et d&#8217;harmonisation. Rejoignons-nous pour un voyage inoubliable vers la compr\u00e9hension de vous-m\u00eame et du cosmos qui vous entoure.<\/p>\n<p style=\"text-align: center;\">Inscrivez-vous d\u00e8s maintenant !<\/p>\n<p style=\"text-align: center;\">ET&#8230;WELCOME<\/p>\n<p>[\/et_pb_text][\/et_pb_column][\/et_pb_row][\/et_pb_section][et_pb_section fb_built=&#8221;1&#8243; disabled_on=&#8221;off|off|off&#8221; admin_label=&#8221;realisation&#8221; _builder_version=&#8221;4.22.2&#8243; background_image=&#8221;http:\/\/lalignementceleste.com\/wp-content\/uploads\/2017\/12\/noir.jpg&#8221; custom_margin=&#8221;20px|20px|20px|20px&#8221; custom_padding=&#8221;0px|20px|0px|20px&#8221; global_module=&#8221;1889&#8243; global_colors_info=&#8221;{}&#8221;][et_pb_row _builder_version=&#8221;4.16&#8243; background_size=&#8221;initial&#8221; background_position=&#8221;top_left&#8221; background_repeat=&#8221;repeat&#8221; custom_padding=&#8221;10px|0px|0px|0px&#8221; global_colors_info=&#8221;{}&#8221;][et_pb_column type=&#8221;4_4&#8243; _builder_version=&#8221;4.16&#8243; custom_padding=&#8221;|||&#8221; global_colors_info=&#8221;{}&#8221; custom_padding__hover=&#8221;|||&#8221;][et_pb_text admin_label=&#8221;Texte&#8221; _builder_version=&#8221;4.22.2&#8243; global_colors_info=&#8221;{}&#8221;]<\/p>\n<p style=\"text-align: center;\">\u00a9 R\u00e9alisation Anissa Ouaklani | Tous droits r\u00e9serv\u00e9s | Mentions l\u00e9gales |<\/p>\n<p>[\/et_pb_text][\/et_pb_column][\/et_pb_row][\/et_pb_section]<\/p>\n","protected":false},"excerpt":{"rendered":"<p>Formations \u00e0 venir D\u00e8s janvier 2026: Mon outil professionnel, l&#8217;Astrologie et ses fr\u00e9quences\u2026 d\u00e9veloppez vos connaissances au service des autres et augmentez votre potentiel fr\u00e9quentiel NOUVEAU Apprenez les profondeurs de vos origines \u00a0en soignant avec l&#8217;astrologie karmique et les fr\u00e9quences \u00a0cosmiques, \u00e0 travers cette formation longue certifiante de 3 ans, rdv mensuels en ligne, accessible [&hellip;]<\/p>\n","protected":false},"author":1,"featured_media":0,"parent":0,"menu_order":0,"comment_status":"open","ping_status":"closed","template":"","meta":{"_et_pb_use_builder":"on","_et_pb_old_content":"","_et_gb_content_width":"","footnotes":""},"class_list":["post-213","page","type-page","status-publish","hentry"],"_links":{"self":[{"href":"https:\/\/lalignementceleste.com\/index.php\/wp-json\/wp\/v2\/pages\/213","targetHints":{"allow":["GET"]}}],"collection":[{"href":"https:\/\/lalignementceleste.com\/index.php\/wp-json\/wp\/v2\/pages"}],"about":[{"href":"https:\/\/lalignementceleste.com\/index.php\/wp-json\/wp\/v2\/types\/page"}],"author":[{"embeddable":true,"href":"https:\/\/lalignementceleste.com\/index.php\/wp-json\/wp\/v2\/users\/1"}],"replies":[{"embeddable":true,"href":"https:\/\/lalignementceleste.com\/index.php\/wp-json\/wp\/v2\/comments?post=213"}],"version-history":[{"count":172,"href":"https:\/\/lalignementceleste.com\/index.php\/wp-json\/wp\/v2\/pages\/213\/revisions"}],"predecessor-version":[{"id":5473,"href":"https:\/\/lalignementceleste.com\/index.php\/wp-json\/wp\/v2\/pages\/213\/revisions\/5473"}],"wp:attachment":[{"href":"https:\/\/lalignementceleste.com\/index.php\/wp-json\/wp\/v2\/media?parent=213"}],"curies":[{"name":"wp","href":"https:\/\/api.w.org\/{rel}","templated":true}]}}