{"id":3938,"date":"2020-04-10T19:35:11","date_gmt":"2020-04-10T17:35:11","guid":{"rendered":"http:\/\/lalignementceleste.com\/?page_id=3938"},"modified":"2023-10-17T23:24:12","modified_gmt":"2023-10-17T21:24:12","slug":"contact","status":"publish","type":"page","link":"https:\/\/lalignementceleste.com\/index.php\/contact\/","title":{"rendered":"Contact"},"content":{"rendered":"<p>[et_pb_section fb_built=&#8221;1&#8243; _builder_version=&#8221;4.22.2&#8243; background_color=&#8221;gcid-eeb9994c-919e-45a9-bfec-d1e06efa1a34&#8243; background_image=&#8221;https:\/\/lalignementceleste.com\/wp-content\/uploads\/2023\/09\/cerf.jpg&#8221; parallax=&#8221;on&#8221; custom_padding=&#8221;1px|||||&#8221; global_colors_info=&#8221;{%22gcid-eeb9994c-919e-45a9-bfec-d1e06efa1a34%22:%91%22background_color%22%93}&#8221;][et_pb_row _builder_version=&#8221;4.22.2&#8243; _module_preset=&#8221;default&#8221; global_colors_info=&#8221;{}&#8221;][et_pb_column type=&#8221;4_4&#8243; _builder_version=&#8221;4.22.2&#8243; _module_preset=&#8221;default&#8221; global_colors_info=&#8221;{}&#8221;][et_pb_blurb title=&#8221;Me contacter&#8221; image=&#8221;https:\/\/lalignementceleste.com\/wp-content\/uploads\/2023\/09\/Moi-rotated-e1697117718435.jpg&#8221; image_icon_width=&#8221;18%&#8221; _builder_version=&#8221;4.22.2&#8243; _module_preset=&#8221;default&#8221; header_font=&#8221;|800|||||||&#8221; header_font_size=&#8221;27px&#8221; background_color=&#8221;RGBA(255,255,255,0)&#8221; background_enable_image=&#8221;off&#8221; text_orientation=&#8221;center&#8221; custom_padding=&#8221;17px||18px||false|false&#8221; border_radii=&#8221;on|6px|6px|6px|6px&#8221; border_radii_image=&#8221;on|56px|56px|56px|56px&#8221; border_style_all_image=&#8221;none&#8221; box_shadow_style=&#8221;preset1&#8243; global_colors_info=&#8221;{}&#8221;]<\/p>\n<p style=\"text-align: center;\">**JE RESTE A VOTRE DISPOSITION DURANT L&#8217; AMELIORATION DE CE SITE**<\/p>\n<p style=\"text-align: center;\">Pour toute question ou demande particuli\u00e8re, remplissez le formulaire ci-dessous,<\/p>\n<p style=\"text-align: center;\">OU posez votre question dans le petit ic\u00f4ne &#8220;discussion&#8221; en bas \u00e0 droite des pages du site.<\/p>\n<p>[\/et_pb_blurb][\/et_pb_column][\/et_pb_row][et_pb_row _builder_version=&#8221;4.22.2&#8243; background_color=&#8221;gcid-0ae30d90-be43-4910-82a2-f6c97c2f65d8&#8243; hover_enabled=&#8221;0&#8243; global_colors_info=&#8221;{%22gcid-0ae30d90-be43-4910-82a2-f6c97c2f65d8%22:%91%22background_color%22%93}&#8221; sticky_enabled=&#8221;0&#8243; custom_padding=&#8221;|13px||12px|false|false&#8221; box_shadow_style=&#8221;preset2&#8243;][et_pb_column type=&#8221;4_4&#8243; _builder_version=&#8221;4.22.2&#8243; hover_enabled=&#8221;0&#8243; global_colors_info=&#8221;{}&#8221; animation_style=&#8221;fade&#8221; sticky_enabled=&#8221;0&#8243;][et_pb_contact_form _builder_version=&#8221;4.16&#8243; _unique_id=&#8221;f0c354c2-b80f-4fff-9da6-70fd6657d7a9&#8243; form_field_background_color=&#8221;#ffffff&#8221; form_field_text_color=&#8221;#000000&#8243; form_field_focus_text_color=&#8221;#000000&#8243; form_field_font=&#8221;||on||||||&#8221; form_field_font_size=&#8221;24px&#8221; background_color=&#8221;rgba(0,0,0,0)&#8221; background_enable_image=&#8221;off&#8221; global_colors_info=&#8221;{}&#8221;][et_pb_contact_field field_id=&#8221;Name&#8221; field_title=&#8221;Nom&#8221; _builder_version=&#8221;4.16&#8243; global_colors_info=&#8221;{}&#8221; button_text_size__hover_enabled=&#8221;off&#8221; button_one_text_size__hover_enabled=&#8221;off&#8221; button_two_text_size__hover_enabled=&#8221;off&#8221; button_text_color__hover_enabled=&#8221;off&#8221; button_one_text_color__hover_enabled=&#8221;off&#8221; button_two_text_color__hover_enabled=&#8221;off&#8221; button_border_width__hover_enabled=&#8221;off&#8221; button_one_border_width__hover_enabled=&#8221;off&#8221; button_two_border_width__hover_enabled=&#8221;off&#8221; button_border_color__hover_enabled=&#8221;off&#8221; button_one_border_color__hover_enabled=&#8221;off&#8221; button_two_border_color__hover_enabled=&#8221;off&#8221; button_border_radius__hover_enabled=&#8221;off&#8221; button_one_border_radius__hover_enabled=&#8221;off&#8221; button_two_border_radius__hover_enabled=&#8221;off&#8221; button_letter_spacing__hover_enabled=&#8221;off&#8221; button_one_letter_spacing__hover_enabled=&#8221;off&#8221; button_two_letter_spacing__hover_enabled=&#8221;off&#8221; button_bg_color__hover_enabled=&#8221;off&#8221; button_one_bg_color__hover_enabled=&#8221;off&#8221; button_two_bg_color__hover_enabled=&#8221;off&#8221;][\/et_pb_contact_field][et_pb_contact_field field_id=&#8221;Email&#8221; field_title=&#8221;Adresse e-mail&#8221; field_type=&#8221;email&#8221; _builder_version=&#8221;4.16&#8243; global_colors_info=&#8221;{}&#8221; button_text_size__hover_enabled=&#8221;off&#8221; button_one_text_size__hover_enabled=&#8221;off&#8221; button_two_text_size__hover_enabled=&#8221;off&#8221; button_text_color__hover_enabled=&#8221;off&#8221; button_one_text_color__hover_enabled=&#8221;off&#8221; button_two_text_color__hover_enabled=&#8221;off&#8221; button_border_width__hover_enabled=&#8221;off&#8221; button_one_border_width__hover_enabled=&#8221;off&#8221; button_two_border_width__hover_enabled=&#8221;off&#8221; button_border_color__hover_enabled=&#8221;off&#8221; button_one_border_color__hover_enabled=&#8221;off&#8221; button_two_border_color__hover_enabled=&#8221;off&#8221; button_border_radius__hover_enabled=&#8221;off&#8221; button_one_border_radius__hover_enabled=&#8221;off&#8221; button_two_border_radius__hover_enabled=&#8221;off&#8221; button_letter_spacing__hover_enabled=&#8221;off&#8221; button_one_letter_spacing__hover_enabled=&#8221;off&#8221; button_two_letter_spacing__hover_enabled=&#8221;off&#8221; button_bg_color__hover_enabled=&#8221;off&#8221; button_one_bg_color__hover_enabled=&#8221;off&#8221; button_two_bg_color__hover_enabled=&#8221;off&#8221;][\/et_pb_contact_field][et_pb_contact_field field_id=&#8221;Message&#8221; field_title=&#8221;Message&#8221; field_type=&#8221;text&#8221; fullwidth_field=&#8221;on&#8221; _builder_version=&#8221;4.16&#8243; global_colors_info=&#8221;{}&#8221; button_text_size__hover_enabled=&#8221;off&#8221; button_one_text_size__hover_enabled=&#8221;off&#8221; button_two_text_size__hover_enabled=&#8221;off&#8221; button_text_color__hover_enabled=&#8221;off&#8221; button_one_text_color__hover_enabled=&#8221;off&#8221; button_two_text_color__hover_enabled=&#8221;off&#8221; button_border_width__hover_enabled=&#8221;off&#8221; button_one_border_width__hover_enabled=&#8221;off&#8221; button_two_border_width__hover_enabled=&#8221;off&#8221; button_border_color__hover_enabled=&#8221;off&#8221; button_one_border_color__hover_enabled=&#8221;off&#8221; button_two_border_color__hover_enabled=&#8221;off&#8221; button_border_radius__hover_enabled=&#8221;off&#8221; button_one_border_radius__hover_enabled=&#8221;off&#8221; button_two_border_radius__hover_enabled=&#8221;off&#8221; button_letter_spacing__hover_enabled=&#8221;off&#8221; button_one_letter_spacing__hover_enabled=&#8221;off&#8221; button_two_letter_spacing__hover_enabled=&#8221;off&#8221; button_bg_color__hover_enabled=&#8221;off&#8221; button_one_bg_color__hover_enabled=&#8221;off&#8221; button_two_bg_color__hover_enabled=&#8221;off&#8221;][\/et_pb_contact_field][\/et_pb_contact_form][\/et_pb_column][\/et_pb_row][\/et_pb_section][et_pb_section fb_built=&#8221;1&#8243; disabled_on=&#8221;off|off|off&#8221; admin_label=&#8221;realisation&#8221; _builder_version=&#8221;4.22.2&#8243; background_image=&#8221;http:\/\/lalignementceleste.com\/wp-content\/uploads\/2017\/12\/noir.jpg&#8221; custom_margin=&#8221;20px|20px|20px|20px&#8221; custom_padding=&#8221;0px|20px|0px|20px&#8221; global_module=&#8221;1889&#8243; global_colors_info=&#8221;{}&#8221;][et_pb_row _builder_version=&#8221;4.16&#8243; background_size=&#8221;initial&#8221; background_position=&#8221;top_left&#8221; background_repeat=&#8221;repeat&#8221; custom_padding=&#8221;10px|0px|0px|0px&#8221; global_colors_info=&#8221;{}&#8221;][et_pb_column type=&#8221;4_4&#8243; _builder_version=&#8221;4.16&#8243; custom_padding=&#8221;|||&#8221; global_colors_info=&#8221;{}&#8221; custom_padding__hover=&#8221;|||&#8221;][et_pb_text admin_label=&#8221;Texte&#8221; _builder_version=&#8221;4.22.2&#8243; global_colors_info=&#8221;{}&#8221;]<\/p>\n<p style=\"text-align: center;\">\u00a9 R\u00e9alisation Anissa Ouaklani | Tous droits r\u00e9serv\u00e9s | Mentions l\u00e9gales |<\/p>\n<p>[\/et_pb_text][\/et_pb_column][\/et_pb_row][\/et_pb_section]<\/p>\n","protected":false},"excerpt":{"rendered":"<p>**JE RESTE A VOTRE DISPOSITION DURANT L&#8217; AMELIORATION DE CE SITE** Pour toute question ou demande particuli\u00e8re, remplissez le formulaire ci-dessous, OU posez votre question dans le petit ic\u00f4ne &#8220;discussion&#8221; en bas \u00e0 droite des pages du site.\u00a9 R\u00e9alisation Anissa Ouaklani | Tous droits r\u00e9serv\u00e9s | Mentions l\u00e9gales |<\/p>\n","protected":false},"author":1,"featured_media":0,"parent":0,"menu_order":0,"comment_status":"closed","ping_status":"closed","template":"","meta":{"_et_pb_use_builder":"on","_et_pb_old_content":"","_et_gb_content_width":"","footnotes":""},"class_list":["post-3938","page","type-page","status-publish","hentry"],"_links":{"self":[{"href":"https:\/\/lalignementceleste.com\/index.php\/wp-json\/wp\/v2\/pages\/3938","targetHints":{"allow":["GET"]}}],"collection":[{"href":"https:\/\/lalignementceleste.com\/index.php\/wp-json\/wp\/v2\/pages"}],"about":[{"href":"https:\/\/lalignementceleste.com\/index.php\/wp-json\/wp\/v2\/types\/page"}],"author":[{"embeddable":true,"href":"https:\/\/lalignementceleste.com\/index.php\/wp-json\/wp\/v2\/users\/1"}],"replies":[{"embeddable":true,"href":"https:\/\/lalignementceleste.com\/index.php\/wp-json\/wp\/v2\/comments?post=3938"}],"version-history":[{"count":13,"href":"https:\/\/lalignementceleste.com\/index.php\/wp-json\/wp\/v2\/pages\/3938\/revisions"}],"predecessor-version":[{"id":4971,"href":"https:\/\/lalignementceleste.com\/index.php\/wp-json\/wp\/v2\/pages\/3938\/revisions\/4971"}],"wp:attachment":[{"href":"https:\/\/lalignementceleste.com\/index.php\/wp-json\/wp\/v2\/media?parent=3938"}],"curies":[{"name":"wp","href":"https:\/\/api.w.org\/{rel}","templated":true}]}}