{"id":5117,"date":"2024-04-30T23:57:14","date_gmt":"2024-04-30T21:57:14","guid":{"rendered":"https:\/\/lalignementceleste.com\/?page_id=5117"},"modified":"2024-05-01T23:02:05","modified_gmt":"2024-05-01T21:02:05","slug":"mes-services","status":"publish","type":"page","link":"https:\/\/lalignementceleste.com\/index.php\/mes-services\/","title":{"rendered":"Services"},"content":{"rendered":"<p>[et_pb_section fb_built=&#8221;1&#8243; admin_label=&#8221;SECTION HERO&#8221; _builder_version=&#8221;4.22.2&#8243; background_color=&#8221;gcid-c7db7cfe-3315-448c-ba23-4edffe7e7d03&#8243; custom_padding=&#8221;||44px|||&#8221; global_colors_info=&#8221;{%22gcid-c7db7cfe-3315-448c-ba23-4edffe7e7d03%22:%91%22background_color%22%93}&#8221;][et_pb_row _builder_version=&#8221;4.22.2&#8243; background_enable_color=&#8221;off&#8221; background_size=&#8221;initial&#8221; background_position=&#8221;top_left&#8221; background_repeat=&#8221;repeat&#8221; global_colors_info=&#8221;{}&#8221;][et_pb_column type=&#8221;4_4&#8243; _builder_version=&#8221;4.16&#8243; custom_padding=&#8221;|||&#8221; global_colors_info=&#8221;{}&#8221; custom_padding__hover=&#8221;|||&#8221;][et_pb_text _builder_version=&#8221;4.25.0&#8243; header_font=&#8221;|800|||||||&#8221; header_text_align=&#8221;center&#8221; header_text_color=&#8221;gcid-eeb9994c-919e-45a9-bfec-d1e06efa1a34&#8243; header_font_size=&#8221;50px&#8221; header_letter_spacing=&#8221;8px&#8221; header_line_height=&#8221;1.2em&#8221; header_2_text_color=&#8221;#000000&#8243; background_color=&#8221;gcid-c7db7cfe-3315-448c-ba23-4edffe7e7d03&#8243; global_colors_info=&#8221;{%22gcid-eeb9994c-919e-45a9-bfec-d1e06efa1a34%22:%91%22header_text_color%22%93,%22gcid-c7db7cfe-3315-448c-ba23-4edffe7e7d03%22:%91%22background_color%22%93}&#8221;]<\/p>\n<h1 style=\"text-align: center;\"><strong>m<\/strong><strong>es services<\/strong><\/h1>\n<p><strong><\/strong><\/p>\n<p>[\/et_pb_text][et_pb_button button_url=&#8221;https:\/\/lalignementceleste.com\/index.php\/reservation-en-ligne\/&#8221; button_text=&#8221;r\u00e9servez&#8221; button_alignment=&#8221;center&#8221; _builder_version=&#8221;4.25.0&#8243; _module_preset=&#8221;default&#8221; custom_button=&#8221;on&#8221; button_text_size=&#8221;22px&#8221; button_bg_color=&#8221;gcid-714c7d74-8f8b-4682-b330-9390a09737a4&#8243; button_border_width=&#8221;1px&#8221; button_border_radius=&#8221;3px&#8221; button_use_icon=&#8221;off&#8221; background_layout=&#8221;dark&#8221; custom_margin=&#8221;5px||27px||false|false&#8221; custom_padding=&#8221;|42px||42px|false|false&#8221; global_colors_info=&#8221;{%22gcid-714c7d74-8f8b-4682-b330-9390a09737a4%22:%91%22button_bg_color%22%93,%22gcid-49415d1c-aeea-4c8b-ba09-259e4fa3d3b6%22:%91%22button_bg_color__hover%22%93}&#8221; button_bg_color__hover_enabled=&#8221;on|hover&#8221; button_bg_color__hover=&#8221;rgba(224,45,35,0.52)&#8221; button_bg_enable_color__hover=&#8221;on&#8221; button_text_color__hover_enabled=&#8221;on|desktop&#8221;][\/et_pb_button][\/et_pb_column][\/et_pb_row][\/et_pb_section][et_pb_section fb_built=&#8221;1&#8243; admin_label=&#8221;SECTION BENEFICES&#8221; _builder_version=&#8221;4.25.0&#8243; _module_preset=&#8221;default&#8221; background_image=&#8221;https:\/\/lalignementceleste.com\/wp-content\/uploads\/2023\/09\/cerf.jpg&#8221; parallax=&#8221;on&#8221; global_colors_info=&#8221;{}&#8221;][et_pb_row column_structure=&#8221;1_3,1_3,1_3&#8243; _builder_version=&#8221;4.25.0&#8243; _module_preset=&#8221;default&#8221; custom_padding=&#8221;4px||||false|false&#8221; global_colors_info=&#8221;{}&#8221;][et_pb_column type=&#8221;1_3&#8243; _builder_version=&#8221;4.22.2&#8243; _module_preset=&#8221;default&#8221; global_colors_info=&#8221;{}&#8221;][et_pb_cta title=&#8221; S\u00e9ance  \u00e9nerg\u00e9tique&#8221; button_url=&#8221;https:\/\/lalignementceleste.com\/index.php\/frequences\/&#8221; button_text=&#8221;En savoir plus&#8221; _builder_version=&#8221;4.25.0&#8243; _module_preset=&#8221;default&#8221; header_text_align=&#8221;center&#8221; header_text_color=&#8221;#000000&#8243; header_letter_spacing=&#8221;1px&#8221; background_color=&#8221;gcid-eeb9994c-919e-45a9-bfec-d1e06efa1a34&#8243; custom_button=&#8221;on&#8221; button_text_size=&#8221;18px&#8221; button_text_color=&#8221;#000000&#8243; button_border_color=&#8221;#000000&#8243; button_icon=&#8221;&#x52;||divi||400&#8243; background_layout=&#8221;light&#8221; custom_padding=&#8221;8px|8px|12px|8px|false|false&#8221; border_radii=&#8221;on|6px|6px|6px|6px&#8221; global_colors_info=&#8221;{%22gcid-eeb9994c-919e-45a9-bfec-d1e06efa1a34%22:%91%22background_color%22%93}&#8221;]<\/p>\n<p><a href=\"https:\/\/lalignementceleste.com\/index.php\/reservation-en-ligne\/\"><img loading=\"lazy\" decoding=\"async\" src=\"https:\/\/lalignementceleste.com\/wp-content\/uploads\/2024\/04\/Capture-decran-2024-04-30-a-16.08.27.png\" width=\"158\" height=\"158\" alt=\"\" class=\"wp-image-5128 alignnone size-full\" \/><\/a><\/p>\n<p>Alignement Ame-Corps-Esprit pour un mieux \u00eatre et un devenir plus conscient<\/p>\n<p>[\/et_pb_cta][\/et_pb_column][et_pb_column type=&#8221;1_3&#8243; _builder_version=&#8221;4.22.2&#8243; _module_preset=&#8221;default&#8221; global_colors_info=&#8221;{}&#8221;][et_pb_cta title=&#8221;Astrologie karmique&#8221; button_url=&#8221;https:\/\/lalignementceleste.com\/?page_id=5212&#8243; button_text=&#8221;En savoir plus&#8221; _builder_version=&#8221;4.25.0&#8243; _module_preset=&#8221;default&#8221; header_text_align=&#8221;center&#8221; header_text_color=&#8221;#000000&#8243; header_letter_spacing=&#8221;1px&#8221; background_color=&#8221;gcid-eeb9994c-919e-45a9-bfec-d1e06efa1a34&#8243; custom_button=&#8221;on&#8221; button_text_size=&#8221;18px&#8221; button_text_color=&#8221;#000000&#8243; button_alignment=&#8221;center&#8221; background_layout=&#8221;light&#8221; custom_padding=&#8221;8px|8px|12px|8px|false|false&#8221; border_radii=&#8221;on|6px|6px|6px|6px&#8221; global_colors_info=&#8221;{%22gcid-eeb9994c-919e-45a9-bfec-d1e06efa1a34%22:%91%22background_color%22%93}&#8221;]<\/p>\n<p><a href=\"https:\/\/lalignementceleste.com\/index.php\/reservation-en-ligne\/\"><img loading=\"lazy\" decoding=\"async\" src=\"https:\/\/lalignementceleste.com\/wp-content\/uploads\/2024\/04\/Capture-decran-2024-04-30-a-16.34.40.png\" width=\"159\" height=\"159\" alt=\"\" class=\"wp-image-5130 alignnone size-full\" \/><\/a><\/p>\n<p>Comprenez QUI vous \u00eates, d&#8217;o\u00f9 vous venez, vos forces, faiblesses et outils<\/p>\n<p>[\/et_pb_cta][\/et_pb_column][et_pb_column type=&#8221;1_3&#8243; _builder_version=&#8221;4.22.2&#8243; _module_preset=&#8221;default&#8221; global_colors_info=&#8221;{}&#8221;][et_pb_cta title=&#8221;Astro karmique et soin&#8221; button_url=&#8221;https:\/\/lalignementceleste.com\/index.php\/astrologie-karmique-et-soin\/&#8221; button_text=&#8221;En savoir plus&#8221; _builder_version=&#8221;4.25.0&#8243; _module_preset=&#8221;default&#8221; header_text_align=&#8221;center&#8221; header_text_color=&#8221;#000000&#8243; header_letter_spacing=&#8221;2px&#8221; background_color=&#8221;gcid-eeb9994c-919e-45a9-bfec-d1e06efa1a34&#8243; custom_button=&#8221;on&#8221; button_text_size=&#8221;18px&#8221; button_text_color=&#8221;#000000&#8243; background_layout=&#8221;light&#8221; custom_padding=&#8221;8px|8px|12px|8px|false|false&#8221; border_radii=&#8221;on|6px|6px|6px|6px&#8221; global_colors_info=&#8221;{%22gcid-eeb9994c-919e-45a9-bfec-d1e06efa1a34%22:%91%22background_color%22%93}&#8221;]<\/p>\n<p><a href=\"https:\/\/lalignementceleste.com\/index.php\/reservation-en-ligne\/\"><img loading=\"lazy\" decoding=\"async\" src=\"https:\/\/lalignementceleste.com\/wp-content\/uploads\/2024\/04\/ASTROLOGIE-ET-SOINS.png\" width=\"158\" height=\"158\" alt=\"\" class=\"wp-image-5134 alignnone size-full\" \/><\/a><\/p>\n<p>Gr\u00e2ce \u00e0 la lecture karmique, soignez en direct le r\u00e9v\u00e9lateur principal<\/p>\n<p>[\/et_pb_cta][et_pb_blurb _builder_version=&#8221;4.22.2&#8243; _module_preset=&#8221;default&#8221; global_colors_info=&#8221;{}&#8221;][\/et_pb_blurb][\/et_pb_column][\/et_pb_row][et_pb_row column_structure=&#8221;1_3,1_3,1_3&#8243; _builder_version=&#8221;4.25.0&#8243; _module_preset=&#8221;default&#8221; custom_padding=&#8221;4px||||false|false&#8221; global_colors_info=&#8221;{}&#8221;][et_pb_column type=&#8221;1_3&#8243; _builder_version=&#8221;4.22.2&#8243; _module_preset=&#8221;default&#8221; global_colors_info=&#8221;{}&#8221;][et_pb_cta title=&#8221;Papotte astrologique&#8221; button_url=&#8221;https:\/\/lalignementceleste.com\/index.php\/papotte-astrologique\/&#8221; button_text=&#8221;En savoir plus&#8221; _builder_version=&#8221;4.25.0&#8243; _module_preset=&#8221;default&#8221; header_text_align=&#8221;center&#8221; header_text_color=&#8221;#000000&#8243; header_letter_spacing=&#8221;1px&#8221; background_color=&#8221;gcid-eeb9994c-919e-45a9-bfec-d1e06efa1a34&#8243; custom_button=&#8221;on&#8221; button_text_size=&#8221;18px&#8221; button_text_color=&#8221;#000000&#8243; button_border_color=&#8221;#000000&#8243; button_icon=&#8221;&#x52;||divi||400&#8243; background_layout=&#8221;light&#8221; custom_padding=&#8221;8px|8px|12px|8px|false|false&#8221; border_radii=&#8221;on|6px|6px|6px|6px&#8221; global_colors_info=&#8221;{%22gcid-eeb9994c-919e-45a9-bfec-d1e06efa1a34%22:%91%22background_color%22%93}&#8221;]<\/p>\n<p><a href=\"https:\/\/lalignementceleste.com\/index.php\/reservation-en-ligne\/\"><img loading=\"lazy\" decoding=\"async\" src=\"https:\/\/lalignementceleste.com\/wp-content\/uploads\/2024\/04\/papotte.png\" width=\"158\" height=\"158\" alt=\"\" class=\"wp-image-5138 alignnone size-full\" \/><\/a><\/p>\n<p>[\/et_pb_cta][\/et_pb_column][et_pb_column type=&#8221;1_3&#8243; _builder_version=&#8221;4.22.2&#8243; _module_preset=&#8221;default&#8221; global_colors_info=&#8221;{}&#8221;][et_pb_cta title=&#8221;Th\u00e8me de naissance&#8221; button_url=&#8221;https:\/\/lalignementceleste.com\/index.php\/astrologique-natale\/&#8221; button_text=&#8221;En savoir plus&#8221; _builder_version=&#8221;4.25.0&#8243; _module_preset=&#8221;default&#8221; header_text_align=&#8221;center&#8221; header_text_color=&#8221;#000000&#8243; header_letter_spacing=&#8221;1px&#8221; background_color=&#8221;gcid-eeb9994c-919e-45a9-bfec-d1e06efa1a34&#8243; custom_button=&#8221;on&#8221; button_text_size=&#8221;18px&#8221; button_text_color=&#8221;#000000&#8243; button_alignment=&#8221;center&#8221; background_layout=&#8221;light&#8221; custom_padding=&#8221;8px|8px|12px|8px|false|false&#8221; border_radii=&#8221;on|6px|6px|6px|6px&#8221; global_colors_info=&#8221;{%22gcid-eeb9994c-919e-45a9-bfec-d1e06efa1a34%22:%91%22background_color%22%93}&#8221;]<\/p>\n<p><a href=\"https:\/\/lalignementceleste.com\/index.php\/reservation-en-ligne\/\"><img loading=\"lazy\" decoding=\"async\" src=\"https:\/\/lalignementceleste.com\/wp-content\/uploads\/2024\/04\/theme-natal.png\" width=\"159\" height=\"159\" alt=\"\" class=\"wp-image-5140 alignnone size-full\" \/><\/a><\/p>\n<p>[\/et_pb_cta][\/et_pb_column][et_pb_column type=&#8221;1_3&#8243; _builder_version=&#8221;4.22.2&#8243; _module_preset=&#8221;default&#8221; global_colors_info=&#8221;{}&#8221;][et_pb_cta title=&#8221;Feng Shui&#8221; button_url=&#8221;https:\/\/lalignementceleste.com\/index.php\/feng-shui-2\/&#8221; button_text=&#8221;En savoir plus&#8221; _builder_version=&#8221;4.25.0&#8243; _module_preset=&#8221;default&#8221; header_text_align=&#8221;center&#8221; header_text_color=&#8221;#000000&#8243; header_letter_spacing=&#8221;2px&#8221; background_color=&#8221;gcid-eeb9994c-919e-45a9-bfec-d1e06efa1a34&#8243; custom_button=&#8221;on&#8221; button_text_size=&#8221;18px&#8221; button_text_color=&#8221;#000000&#8243; background_layout=&#8221;light&#8221; custom_padding=&#8221;8px|8px|12px|8px|false|false&#8221; hover_enabled=&#8221;0&#8243; border_radii=&#8221;on|6px|6px|6px|6px&#8221; global_colors_info=&#8221;{%22gcid-eeb9994c-919e-45a9-bfec-d1e06efa1a34%22:%91%22background_color%22%93}&#8221; sticky_enabled=&#8221;0&#8243;]<\/p>\n<p><a href=\"https:\/\/lalignementceleste.com\/index.php\/reservation-en-ligne\/\"><img loading=\"lazy\" decoding=\"async\" src=\"https:\/\/lalignementceleste.com\/wp-content\/uploads\/2024\/04\/5-elements.png\" width=\"157\" height=\"157\" alt=\"\" class=\"wp-image-5143 alignnone size-full\" \/><\/a><\/p>\n<p>[\/et_pb_cta][et_pb_blurb _builder_version=&#8221;4.22.2&#8243; _module_preset=&#8221;default&#8221; global_colors_info=&#8221;{}&#8221;][\/et_pb_blurb][\/et_pb_column][\/et_pb_row][\/et_pb_section][et_pb_section fb_built=&#8221;1&#8243; disabled_on=&#8221;off|off|off&#8221; admin_label=&#8221;realisation&#8221; _builder_version=&#8221;4.22.2&#8243; background_image=&#8221;http:\/\/lalignementceleste.com\/wp-content\/uploads\/2017\/12\/noir.jpg&#8221; custom_margin=&#8221;20px|20px|20px|20px&#8221; custom_padding=&#8221;0px|20px|0px|20px&#8221; global_module=&#8221;1889&#8243; global_colors_info=&#8221;{}&#8221;][et_pb_row _builder_version=&#8221;4.16&#8243; background_size=&#8221;initial&#8221; background_position=&#8221;top_left&#8221; background_repeat=&#8221;repeat&#8221; custom_padding=&#8221;10px|0px|0px|0px&#8221; global_colors_info=&#8221;{}&#8221;][et_pb_column type=&#8221;4_4&#8243; _builder_version=&#8221;4.16&#8243; custom_padding=&#8221;|||&#8221; global_colors_info=&#8221;{}&#8221; custom_padding__hover=&#8221;|||&#8221;][et_pb_text admin_label=&#8221;Texte&#8221; _builder_version=&#8221;4.22.2&#8243; global_colors_info=&#8221;{}&#8221;]<\/p>\n<p style=\"text-align: center;\">\u00a9 R\u00e9alisation Anissa Ouaklani | Tous droits r\u00e9serv\u00e9s | Mentions l\u00e9gales |<\/p>\n<p>[\/et_pb_text][\/et_pb_column][\/et_pb_row][\/et_pb_section]<\/p>\n","protected":false},"excerpt":{"rendered":"<p>mes services Alignement Ame-Corps-Esprit pour un mieux \u00eatre et un devenir plus conscient Comprenez QUI vous \u00eates, d&#8217;o\u00f9 vous venez, vos forces, faiblesses et outils Gr\u00e2ce \u00e0 la lecture karmique, soignez en direct le r\u00e9v\u00e9lateur principal\u00a9 R\u00e9alisation Anissa Ouaklani | Tous droits r\u00e9serv\u00e9s | Mentions l\u00e9gales |<\/p>\n","protected":false},"author":1,"featured_media":0,"parent":0,"menu_order":0,"comment_status":"closed","ping_status":"closed","template":"","meta":{"_et_pb_use_builder":"on","_et_pb_old_content":"","_et_gb_content_width":"","footnotes":""},"class_list":["post-5117","page","type-page","status-publish","hentry"],"_links":{"self":[{"href":"https:\/\/lalignementceleste.com\/index.php\/wp-json\/wp\/v2\/pages\/5117","targetHints":{"allow":["GET"]}}],"collection":[{"href":"https:\/\/lalignementceleste.com\/index.php\/wp-json\/wp\/v2\/pages"}],"about":[{"href":"https:\/\/lalignementceleste.com\/index.php\/wp-json\/wp\/v2\/types\/page"}],"author":[{"embeddable":true,"href":"https:\/\/lalignementceleste.com\/index.php\/wp-json\/wp\/v2\/users\/1"}],"replies":[{"embeddable":true,"href":"https:\/\/lalignementceleste.com\/index.php\/wp-json\/wp\/v2\/comments?post=5117"}],"version-history":[{"count":22,"href":"https:\/\/lalignementceleste.com\/index.php\/wp-json\/wp\/v2\/pages\/5117\/revisions"}],"predecessor-version":[{"id":5334,"href":"https:\/\/lalignementceleste.com\/index.php\/wp-json\/wp\/v2\/pages\/5117\/revisions\/5334"}],"wp:attachment":[{"href":"https:\/\/lalignementceleste.com\/index.php\/wp-json\/wp\/v2\/media?parent=5117"}],"curies":[{"name":"wp","href":"https:\/\/api.w.org\/{rel}","templated":true}]}}