{"id":5212,"date":"2024-05-01T11:42:03","date_gmt":"2024-05-01T09:42:03","guid":{"rendered":"https:\/\/lalignementceleste.com\/?page_id=5212"},"modified":"2024-05-01T11:51:34","modified_gmt":"2024-05-01T09:51:34","slug":"astrologie-karmique","status":"publish","type":"page","link":"https:\/\/lalignementceleste.com\/index.php\/astrologie-karmique\/","title":{"rendered":"Astrologie karmique"},"content":{"rendered":"<p>[et_pb_section fb_built=&#8221;1&#8243; _builder_version=&#8221;4.25.0&#8243; background_color=&#8221;#222222&#8243; background_image=&#8221;http:\/\/lalignementceleste.com\/wp-content\/uploads\/2018\/06\/d\u00e9sert.jpg&#8221; custom_padding=&#8221;0px|0px|0px|0px&#8221; global_colors_info=&#8221;{}&#8221;][et_pb_row _builder_version=&#8221;4.25.0&#8243; background_color=&#8221;#222222&#8243; background_size=&#8221;initial&#8221; background_position=&#8221;top_left&#8221; background_repeat=&#8221;repeat&#8221; custom_padding=&#8221;0px|0px|0px|0px&#8221; global_colors_info=&#8221;{}&#8221;][et_pb_column type=&#8221;4_4&#8243; _builder_version=&#8221;4.25.0&#8243; _module_preset=&#8221;default&#8221; global_colors_info=&#8221;{}&#8221;][et_pb_text admin_label=&#8221;Text&#8221; _builder_version=&#8221;4.25.0&#8243; text_text_color=&#8221;#fce4db&#8221; background_color=&#8221;#222222&#8243; background_size=&#8221;initial&#8221; background_position=&#8221;top_left&#8221; background_repeat=&#8221;repeat&#8221; custom_margin=&#8221;20px|20px|20px|20px&#8221; custom_padding=&#8221;20px|20px|2px|20px||&#8221; global_colors_info=&#8221;{}&#8221;]<\/p>\n<p style=\"text-align: center;\"><span style=\"color: #d62034;\"><span style=\"color: rgba(255, 255, 255, 0); font-size: x-large;\"><b>pil y a une dizaine d&#8217;ann\u00e9es d\u00e9<\/b><\/span><\/span><\/p>\n<p style=\"text-align: center;\"><span style=\"color: #d62034;\"><span style=\"color: rgba(255, 255, 255, 0); font-size: x-large;\"><b>j\u00e0LES FREQUENCES<\/b><\/span><\/span><\/p>\n<h1 style=\"text-align: center;\">\u00a0<span style=\"font-size: x-large; color: #fce4db;\">Votre th\u00e8me karmique en ligne ou en pr\u00e9sentiel<\/span><span style=\"font-size: 20px;\"><\/span><span style=\"font-size: 20px; color: #3a3a3a;\"><\/span><span style=\"color: #4c4c4c; font-size: 20px;\"><\/span><span style=\"color: #993366; font-size: 20px; text-align: center;\"><\/span><\/h1>\n<p><span style=\"font-size: x-large; color: #fff9f9;\"><\/span><\/p>\n<p><span style=\"font-size: x-large; color: #fff9f9;\"><\/span><\/p>\n<p><span style=\"font-size: x-large; color: #fff9f9;\"><\/span><\/p>\n<p style=\"text-align: justify;\">\n<p>[\/et_pb_text][et_pb_button button_url=&#8221;https:\/\/lalignementceleste.com\/index.php\/reservation-en-ligne\/&#8221; button_text=&#8221;r\u00e9server&#8221; button_alignment=&#8221;center&#8221; _builder_version=&#8221;4.25.0&#8243; _module_preset=&#8221;default&#8221; custom_button=&#8221;on&#8221; button_text_size=&#8221;18px&#8221; button_text_color=&#8221;#d62034&#8243; background_layout=&#8221;dark&#8221; global_colors_info=&#8221;{}&#8221;][\/et_pb_button][et_pb_sidebar area=&#8221;sidebar-1&#8243; _builder_version=&#8221;4.16&#8243; background_image=&#8221;http:\/\/lalignementceleste.com\/wp-content\/uploads\/2019\/05\/alignement-celeste.jpg&#8221; global_colors_info=&#8221;{}&#8221;]&nbsp;<br \/>\n[\/et_pb_sidebar][\/et_pb_column][\/et_pb_row][\/et_pb_section][et_pb_section fb_built=&#8221;1&#8243; _builder_version=&#8221;4.25.0&#8243; background_image=&#8221;https:\/\/lalignementceleste.com\/wp-content\/uploads\/2023\/09\/cerf.jpg&#8221; parallax=&#8221;on&#8221; custom_padding=&#8221;0px|0px|0px|0px&#8221; global_colors_info=&#8221;{}&#8221;][et_pb_row _builder_version=&#8221;4.25.0&#8243; background_color=&#8221;#fce4db&#8221; background_size=&#8221;initial&#8221; background_position=&#8221;top_left&#8221; background_repeat=&#8221;repeat&#8221; custom_padding=&#8221;0px|0px|0px|0px&#8221; global_colors_info=&#8221;{}&#8221;][et_pb_column type=&#8221;4_4&#8243; _builder_version=&#8221;4.16&#8243; custom_padding=&#8221;|||&#8221; global_colors_info=&#8221;{}&#8221; custom_padding__hover=&#8221;|||&#8221;][et_pb_text admin_label=&#8221;Text&#8221; _builder_version=&#8221;4.25.0&#8243; background_color=&#8221;#fce4db&#8221; background_size=&#8221;initial&#8221; background_position=&#8221;top_left&#8221; background_repeat=&#8221;repeat&#8221; custom_margin=&#8221;20px|20px|20px|20px&#8221; custom_padding=&#8221;20px|20px|20px|20px&#8221; global_colors_info=&#8221;{}&#8221;]<\/p>\n<p style=\"text-align: center;\"><span style=\"color: #d62034;\"><span style=\"color: rgba(255, 255, 255, 0); font-size: x-large;\"><b>pil y a une<\/b><\/span><\/span><\/p>\n<p>Si vous vous demandez quel est le but de votre vie, vous cherchez certainement \u00e0 comprendre les d\u00e9fis et les opportunit\u00e9s qui se pr\u00e9sentent \u00e0 vous ? L&#8217;astrologie karmique peut vous guider sur le chemin de la d\u00e9couverte de soi et de l&#8217;accomplissement personnel.<\/p>\n<p>&nbsp;<\/p>\n<p>Je propose des lectures karmiques approfondies de deux heures qui vous permettront de plonger dans les myst\u00e8res de vos vies pass\u00e9es et de vos m\u00e9moires et de comprendre ensemble comment elles influencent votre vie pr\u00e9sente.\u00a0<\/p>\n<p>Vous d\u00e9couvrirez les le\u00e7ons que vous avez \u00e0 apprendre, les talents que vous avez \u00e0 offrir et les obstacles que vous devez surmonter.<\/p>\n<p>Avec l&#8217;astrologie karmique, vous explorerez les secrets de votre th\u00e8me natal, pourquoi vous \u00eates ICI au fond&#8230;. En devenant conscient des enjeux, vous apprendrez \u00e0 utiliser ces connaissances pour prendre des d\u00e9cisions \u00e9clair\u00e9es et vivre une vie plus align\u00e9e avec vos v\u00e9ritables aspirations.<\/p>\n<p>Avec cet outil, vous dites OUI \u00e0 la Vie, trouvez le sens de votre existence et r\u00e9alisez votre potentiel avec une intention de vrai \u00e9panouissement.<\/p>\n<p><strong>EN r\u00e9sum\u00e9, avec l&#8217;astrologie Karmique : vous comprenez QUI vous \u00eates, d&#8217;o\u00f9 vous venez et ce que vous venez accomplir r\u00e9ellement.<\/strong><\/p>\n<p style=\"text-align: center;\"><span style=\"color: #d62034;\"><span style=\"color: rgba(255, 255, 255, 0); font-size: x-large;\"><b>d&#8217;ann\u00e9es d\u00e9j\u00e0LES FREQUENCES<\/b><\/span><\/span><\/p>\n<p style=\"text-align: justify;\">\u00a0<span style=\"font-size: 20px;\">\u00a0<\/span><span style=\"font-size: 20px; color: #666666;\"><\/span><span style=\"font-size: 20px; color: #303030;\"><\/span><\/p>\n<p>[\/et_pb_text][et_pb_sidebar area=&#8221;sidebar-1&#8243; _builder_version=&#8221;4.16&#8243; background_image=&#8221;http:\/\/lalignementceleste.com\/wp-content\/uploads\/2019\/05\/alignement-celeste.jpg&#8221; global_colors_info=&#8221;{}&#8221;]&nbsp;<br \/>\n[\/et_pb_sidebar][\/et_pb_column][\/et_pb_row][\/et_pb_section][et_pb_section fb_built=&#8221;1&#8243; disabled_on=&#8221;off|off|off&#8221; admin_label=&#8221;realisation&#8221; _builder_version=&#8221;4.22.2&#8243; background_image=&#8221;http:\/\/lalignementceleste.com\/wp-content\/uploads\/2017\/12\/noir.jpg&#8221; custom_margin=&#8221;20px|20px|20px|20px&#8221; custom_padding=&#8221;0px|20px|0px|20px&#8221; global_module=&#8221;1889&#8243; global_colors_info=&#8221;{}&#8221;][et_pb_row _builder_version=&#8221;4.16&#8243; background_size=&#8221;initial&#8221; background_position=&#8221;top_left&#8221; background_repeat=&#8221;repeat&#8221; custom_padding=&#8221;10px|0px|0px|0px&#8221; global_colors_info=&#8221;{}&#8221;][et_pb_column type=&#8221;4_4&#8243; _builder_version=&#8221;4.16&#8243; custom_padding=&#8221;|||&#8221; global_colors_info=&#8221;{}&#8221; custom_padding__hover=&#8221;|||&#8221;][et_pb_text admin_label=&#8221;Texte&#8221; _builder_version=&#8221;4.22.2&#8243; global_colors_info=&#8221;{}&#8221;]<\/p>\n<p style=\"text-align: center;\">\u00a9 R\u00e9alisation Anissa Ouaklani | Tous droits r\u00e9serv\u00e9s | Mentions l\u00e9gales |<\/p>\n<p>[\/et_pb_text][\/et_pb_column][\/et_pb_row][\/et_pb_section]<\/p>\n","protected":false},"excerpt":{"rendered":"<p>pil y a une dizaine d&#8217;ann\u00e9es d\u00e9 j\u00e0LES FREQUENCES \u00a0Votre th\u00e8me karmique en ligne ou en pr\u00e9sentiel &nbsp; pil y a une Si vous vous demandez quel est le but de votre vie, vous cherchez certainement \u00e0 comprendre les d\u00e9fis et les opportunit\u00e9s qui se pr\u00e9sentent \u00e0 vous ? L&#8217;astrologie karmique peut vous guider sur [&hellip;]<\/p>\n","protected":false},"author":1,"featured_media":0,"parent":0,"menu_order":0,"comment_status":"closed","ping_status":"closed","template":"","meta":{"_et_pb_use_builder":"on","_et_pb_old_content":"","_et_gb_content_width":"","footnotes":""},"class_list":["post-5212","page","type-page","status-publish","hentry"],"_links":{"self":[{"href":"https:\/\/lalignementceleste.com\/index.php\/wp-json\/wp\/v2\/pages\/5212","targetHints":{"allow":["GET"]}}],"collection":[{"href":"https:\/\/lalignementceleste.com\/index.php\/wp-json\/wp\/v2\/pages"}],"about":[{"href":"https:\/\/lalignementceleste.com\/index.php\/wp-json\/wp\/v2\/types\/page"}],"author":[{"embeddable":true,"href":"https:\/\/lalignementceleste.com\/index.php\/wp-json\/wp\/v2\/users\/1"}],"replies":[{"embeddable":true,"href":"https:\/\/lalignementceleste.com\/index.php\/wp-json\/wp\/v2\/comments?post=5212"}],"version-history":[{"count":8,"href":"https:\/\/lalignementceleste.com\/index.php\/wp-json\/wp\/v2\/pages\/5212\/revisions"}],"predecessor-version":[{"id":5281,"href":"https:\/\/lalignementceleste.com\/index.php\/wp-json\/wp\/v2\/pages\/5212\/revisions\/5281"}],"wp:attachment":[{"href":"https:\/\/lalignementceleste.com\/index.php\/wp-json\/wp\/v2\/media?parent=5212"}],"curies":[{"name":"wp","href":"https:\/\/api.w.org\/{rel}","templated":true}]}}