{"id":5259,"date":"2024-05-01T23:01:20","date_gmt":"2024-05-01T21:01:20","guid":{"rendered":"https:\/\/lalignementceleste.com\/?page_id=5259"},"modified":"2024-05-01T23:01:21","modified_gmt":"2024-05-01T21:01:21","slug":"feng-shui-2","status":"publish","type":"page","link":"https:\/\/lalignementceleste.com\/index.php\/feng-shui-2\/","title":{"rendered":"Feng shui"},"content":{"rendered":"\n[et_pb_section fb_built=&#8221;1&#8243; _builder_version=&#8221;4.25.0&#8243; background_color=&#8221;#222222&#8243; background_image=&#8221;http:\/\/lalignementceleste.com\/wp-content\/uploads\/2018\/06\/d\u00e9sert.jpg&#8221; custom_padding=&#8221;0px|0px|0px|0px&#8221; global_colors_info=&#8221;{}&#8221;][et_pb_row _builder_version=&#8221;4.25.0&#8243; background_color=&#8221;#222222&#8243; background_size=&#8221;initial&#8221; background_position=&#8221;top_left&#8221; background_repeat=&#8221;repeat&#8221; custom_padding=&#8221;0px|0px|0px|0px&#8221; global_colors_info=&#8221;{}&#8221;][et_pb_column type=&#8221;4_4&#8243; _builder_version=&#8221;4.25.0&#8243; _module_preset=&#8221;default&#8221; global_colors_info=&#8221;{}&#8221;][et_pb_text admin_label=&#8221;Text&#8221; _builder_version=&#8221;4.25.0&#8243; text_text_color=&#8221;#fce4db&#8221; background_color=&#8221;#222222&#8243; background_size=&#8221;initial&#8221; background_position=&#8221;top_left&#8221; background_repeat=&#8221;repeat&#8221; custom_margin=&#8221;20px|20px|20px|20px&#8221; custom_padding=&#8221;20px|20px|2px|20px||&#8221; global_colors_info=&#8221;{}&#8221;]<p style=\"text-align: center;\"><span style=\"color: #d62034;\"><span style=\"color: rgba(255, 255, 255, 0); font-size: x-large;\"><b>pil y a une dizaine d&#8217;ann\u00e9es d\u00e9<\/b><\/span><\/span><\/p>\n<p style=\"text-align: center;\"><span style=\"color: #d62034;\"><span style=\"color: rgba(255, 255, 255, 0); font-size: x-large;\"><b>j\u00e0LES FREQUENCES<\/b><\/span><\/span><\/p>\n<h1 style=\"text-align: center;\">\u00a0<span style=\"font-size: x-large; color: #fce4db;\">Votre feng shui\u00a0<\/span><span style=\"color: #993366; font-size: 20px; text-align: center;\"><\/span><\/h1>\n<p><span style=\"font-size: x-large; color: #fff9f9;\"><\/span><\/p>\n<p><span style=\"font-size: x-large; color: #fff9f9;\"><\/span><\/p>\n<p><span style=\"font-size: x-large; color: #fff9f9;\"><\/span><\/p>\n<p style=\"text-align: justify;\"><\/p>[\/et_pb_text][et_pb_button button_url=&#8221;https:\/\/lalignementceleste.com\/index.php\/reservation-en-ligne\/&#8221; button_text=&#8221;r\u00e9server&#8221; button_alignment=&#8221;center&#8221; _builder_version=&#8221;4.25.0&#8243; _module_preset=&#8221;default&#8221; custom_button=&#8221;on&#8221; button_text_size=&#8221;18px&#8221; button_text_color=&#8221;#d62034&#8243; background_layout=&#8221;dark&#8221; global_colors_info=&#8221;{}&#8221;][\/et_pb_button][et_pb_sidebar area=&#8221;sidebar-1&#8243; _builder_version=&#8221;4.16&#8243; background_image=&#8221;http:\/\/lalignementceleste.com\/wp-content\/uploads\/2019\/05\/alignement-celeste.jpg&#8221; global_colors_info=&#8221;{}&#8221;]&nbsp;\r[\/et_pb_sidebar][\/et_pb_column][\/et_pb_row][\/et_pb_section][et_pb_section fb_built=&#8221;1&#8243; _builder_version=&#8221;4.25.0&#8243; background_image=&#8221;https:\/\/lalignementceleste.com\/wp-content\/uploads\/2023\/09\/cerf.jpg&#8221; parallax=&#8221;on&#8221; custom_padding=&#8221;0px|0px|0px|0px&#8221; global_colors_info=&#8221;{}&#8221;][et_pb_row _builder_version=&#8221;4.25.0&#8243; background_color=&#8221;#fce4db&#8221; background_size=&#8221;initial&#8221; background_position=&#8221;top_left&#8221; background_repeat=&#8221;repeat&#8221; custom_padding=&#8221;0px|0px|0px|0px&#8221; global_colors_info=&#8221;{}&#8221;][et_pb_column type=&#8221;4_4&#8243; _builder_version=&#8221;4.16&#8243; custom_padding=&#8221;|||&#8221; global_colors_info=&#8221;{}&#8221; custom_padding__hover=&#8221;|||&#8221;][et_pb_text admin_label=&#8221;Text&#8221; _builder_version=&#8221;4.25.0&#8243; background_color=&#8221;#fce4db&#8221; background_size=&#8221;initial&#8221; background_position=&#8221;top_left&#8221; background_repeat=&#8221;repeat&#8221; custom_margin=&#8221;20px|20px|20px|20px&#8221; custom_padding=&#8221;20px|20px|20px|20px&#8221; global_colors_info=&#8221;{}&#8221;]<p style=\"text-align: center;\"><span style=\"font-size: x-large; color: #000000;\"><strong>D&#8217;abord, qu&#8217;est-ce le Feng Shui?<\/strong><\/span><\/p>\n<p style=\"text-align: justify;\"><strong>\u00a0<\/strong><span style=\"color: #000000; font-size: 20px; text-align: center;\">Le Feng shui est une force vitale universelle qui permet de recentrer et d\u2019harmoniser les \u00e9nergies qui circulent dans notre cadre de vie priv\u00e9e ou professionnelle.<\/span><\/p>\n<p style=\"text-align: justify;\"><span style=\"color: #000000;\">Si les \u00e9nergies sont bien g\u00e9r\u00e9es, elles s\u2019\u00e9quilibrent et s\u2019harmonisent. D\u00e8s lors, l\u2019individu s\u2019\u00e9panoui dans sa vie priv\u00e9e, sociale et professionnelle gr\u00e2ce \u00e0 son milieu.<\/span><\/p>\n<p style=\"text-align: justify;\"><span style=\"color: #000000;\">L\u2019objectif du Feng Shui est que nous puissions appliquer dans un espace donn\u00e9, des principes fondamentaux tels que le principe du Yin et du Yang, la th\u00e9orie des 5 \u00e9l\u00e9ments ( feu, terre, m\u00e9tal, bois et eau) ainsi que l\u2019utilisation des couleurs.<\/span><\/p>\n<p style=\"text-align: justify;\"><span style=\"color: #000000;\">Je vous propose l\u2019\u00e9tude de votre cadre de vie par l\u2019\u00e9cole de la forme, dans laquelle la porte d\u2019entr\u00e9e principale est consid\u00e9r\u00e9e comme la porte d\u2019entr\u00e9e \u00e9nerg\u00e9tique.<\/span><\/p>\n<p style=\"text-align: justify;\"><span style=\"color: #000000;\">Alors, <strong>avant<\/strong> de commencer son application, veillez \u00e0\u00a0:<\/span><\/p>\n<p style=\"text-align: justify;\"><span style=\"color: #000000;\">&#8211; Trier, ranger (nettoyage de printemps) et videz votre maison des objets inutilis\u00e9s. Vous vous sentirez plus l\u00e9gers, enclins \u00e0 un changement futur.<\/span><\/p>\n<p style=\"text-align: justify;\"><span style=\"color: #000000;\">-Se d\u00e9barrasser des natures mortes telles que\u00a0: fleurs s\u00e9ch\u00e9es, pots pourris, animaux empaill\u00e9s\u2026<\/span><\/p>\n<p style=\"text-align: justify;\"><span style=\"color: #000000;\">-Indiquez clairement votre porte d\u2019entr\u00e9e principale avec son num\u00e9ro de rue.<\/span><\/p>\n<p style=\"text-align: justify;\"><span style=\"color: #000000;\">Selon le ba-gua de votre plan, nous commen\u00e7ons par la zone carri\u00e8re puis faisons le tour dans le sens des aiguilles d\u2019une montre, vous trouvez dans la colonne de gauche \u00a0de ce site, les zones unes \u00e0 unes.<\/span><\/p>\n<p style=\"text-align: justify;\"><span style=\"color: #000000;\"><strong>Qu&#8217;appelle-t-on par &#8220;Ba-Gua&#8221;?<\/strong><\/span><\/p>\n<p style=\"text-align: justify;\"><span style=\"color: #000000;\">Le ba-gua\u00a0est un diagramme octogonal avec un trigramme diff\u00e9rent sur chaque c\u00f4t\u00e9.Il est compos\u00e9 de huit trigrammes auxquels s\u2019associent huit points cardinaux : nord, sud, est, ouest, nord-est, nord-ouest, sud-est, sud-ouest. Par ailleurs, chacun des trigrammes repr\u00e9sente aussi une des huit Aspirations du domaine de la vie : la prosp\u00e9rit\u00e9 (sud-est), la r\u00e9putation (sud), le partenariat et l&#8217;amour (sud-ouest), les projets et enfants (ouest), les aides et la communication (nord-ouest), la carri\u00e8re(nord), l&#8217;\u00e9ducation et philosophie (nord-est), la famille et la sant\u00e9 (est). Une fois le ba-gua adapt\u00e9 sur le plan de votre maison, chaque secteur pourra \u00eatre activ\u00e9 par un \u00c9l\u00e9ment diff\u00e9rent que nous appellerons \u00ab rem\u00e8de \u00bb.<\/span><\/p>\n<p style=\"text-align: justify;\"><span style=\"color: #000000;\"><strong><span class=\"texte-arial-12-gris-gras\"> L\u2019interpr\u00e9tation du Ba-Gua<\/span><\/strong><\/span><\/p>\n<p style=\"text-align: justify;\"><span style=\"color: #000000;\">Les accessoires se trouvant dans une pi\u00e8ce incarneront des symboliques diff\u00e9rentes selon le domaine dans lequel ils se retrouvent. Il vous faut donc analyser chaque situation avec une grande minutie et vous assurez des ambiances que vous souhaitez cr\u00e9er dans chacune des pi\u00e8ces selon sa position sur le Pa Kua. N\u2019oubliez pas de tenir compte de la forme des objets, de la couleur des murs et des rev\u00eatements de sol, de la symbolique des images afin de maintenir l\u2019\u00e9quilibre entre les \u00c9l\u00e9ments, la balance entre le Yin et le Yang.<\/span><\/p>\n<p style=\"text-align: justify;\"><span style=\"color: #000000;\">Sachez par ailleurs que le Ba-Gua\u00a0doit \u00eatre interpr\u00e9t\u00e9 avec une grande flexibilit\u00e9. Si la zone du partenariat se situe dans votre maison \u00e0 un endroit qui normalement aurait des cons\u00e9quences catastrophiques (les cabinets, par exemple) et que ce n\u2019est pas le cas, dites-vous que l\u2019\u00e9nergie individuelle de chaque personne compte aussi \u00e9norm\u00e9ment dans l\u2019harmonie et la circulation du Chi. Il se peut donc que vous d\u00e9gagiez suffisamment d\u2019\u00e9nergie positive pour que votre environnement, m\u00eame inad\u00e9quat, ne souffre pas de ces travers. Nous vous recommandons alors de ne pas changer inutilement ce qui vous semble \u00eatre une formule gagnante. Ne vous attardez qu\u2019\u00e0 modifier les choses qui vous contrarient dans votre vie et votre quotidien.<\/span><\/p>\n<p style=\"text-align: justify;\"><span style=\"color: #000000;\"><\/span><\/p>\n<p style=\"text-align: justify;\"><span style=\"color: #000000;\"><\/span><\/p>\n<p style=\"text-align: center;\"><span style=\"color: #d62034;\"><span style=\"color: rgba(255, 255, 255, 0); font-size: x-large;\"><b>pil y a une<\/b><\/span><\/span><span style=\"color: #000000; font-size: x-large;\">Souhaitez-vous une \u00e9tude feng shui de votre maison? <\/span><\/p>\n<p style=\"text-align: center;\"><span style=\"color: #000000; font-size: x-large;\">De vos bureaux? <\/span><\/p>\n<p style=\"text-align: center;\"><span style=\"color: #000000; font-size: x-large;\">De votre jardin?<\/span><\/p>\n<p style=\"text-align: center;\"><span style=\"color: #000000;\">Environ 15 jours avant la consultation, vous envoyez une copie des plans \u00e0 l&#8217;\u00e9chelle dans un format A4 ou A3, sur lequel il sera retravaill\u00e9 dans les proportions du Ba-gua, pr\u00e9sent\u00e9 sous forme de zones de diff\u00e9rentes couleurs.<\/span><\/p>\n<p style=\"text-align: center;\"><span style=\"color: #000000;\">La consultation \u00e0 domicile, au bureau ou au jardin..<\/span><\/p>\n<p style=\"text-align: center;\"><span style=\"color: #000000;\">La consultation Feng Shui sur place dure entre 3 et 5 heures. Nous ferons ensemble le tour des 9 zones du site afin de stimuler les zones et d&#8217;annuler les effets d&#8217;\u00e9l\u00e9ments interdits pr\u00e9sents dans la zone. Et ainsi apporter \u00e9quilibre et harmonie dans le lieu choisi.<\/span><\/p>\n<p style=\"text-align: center;\"><span style=\"color: #000000;\">Lorsqu&#8217;il s&#8217;agit de votre maison, nous accorderons une importance toute particuli\u00e8re aux chambres de vos enfants afin de les aider au mieux dans leur quotidien.<\/span><\/p>\n<p style=\"text-align: center;\"><span style=\"color: #000000;\">Dans certains cas, une purification de l&#8217;espace peut vous \u00eatre conseill\u00e9e, en dehors d&#8217;une \u00e9tude g\u00e9obiologique.<\/span><\/p>\n<p style=\"text-align: center;\"><span style=\"color: #000000;\">La consultation est enregistr\u00e9e et vous est restitu\u00e9e apr\u00e8s la visite. Vous recevrez \u00e9galement un dossier complet avec les plans, les zones, un m\u00e9mo des \u00e9l\u00e9ments et interdits dans chaque zone.<\/span><\/p>\n<p style=\"text-align: center;\"><span style=\"color: #000000;\">Le prix d&#8217;une \u00e9tude peut varier en fonction du type de demande. Dans le cas d&#8217;une entreprise, notre ASBL \u00e9mettra une facture sur demande.<\/span><span style=\"color: #d62034;\"><span style=\"color: rgba(255, 255, 255, 0); font-size: x-large;\"><b>d&#8217;ann\u00e9es d\u00e9j\u00e0LES FREQUENCES<\/b><\/span><\/span><span style=\"color: #000000; font-size: x-large;\"><\/span><span style=\"color: #000000; font-size: x-large;\"><\/span><span style=\"color: #000000; font-size: x-large;\"><\/span><span style=\"color: #000000; font-size: x-large;\"><\/span><span style=\"color: #000000; font-size: x-large;\"><\/span><\/p>\n<p style=\"text-align: center;\"><span style=\"color: #000000; font-size: x-large;\"><\/span><\/p>[\/et_pb_text][et_pb_sidebar area=&#8221;sidebar-1&#8243; _builder_version=&#8221;4.16&#8243; background_image=&#8221;http:\/\/lalignementceleste.com\/wp-content\/uploads\/2019\/05\/alignement-celeste.jpg&#8221; global_colors_info=&#8221;{}&#8221;]&nbsp;\r[\/et_pb_sidebar][\/et_pb_column][\/et_pb_row][\/et_pb_section][et_pb_section fb_built=&#8221;1&#8243; disabled_on=&#8221;off|off|off&#8221; admin_label=&#8221;realisation&#8221; _builder_version=&#8221;4.22.2&#8243; background_image=&#8221;http:\/\/lalignementceleste.com\/wp-content\/uploads\/2017\/12\/noir.jpg&#8221; custom_margin=&#8221;20px|20px|20px|20px&#8221; custom_padding=&#8221;0px|20px|0px|20px&#8221; global_module=&#8221;1889&#8243; global_colors_info=&#8221;{}&#8221;][et_pb_row _builder_version=&#8221;4.16&#8243; background_size=&#8221;initial&#8221; background_position=&#8221;top_left&#8221; background_repeat=&#8221;repeat&#8221; custom_padding=&#8221;10px|0px|0px|0px&#8221; global_colors_info=&#8221;{}&#8221;][et_pb_column type=&#8221;4_4&#8243; _builder_version=&#8221;4.16&#8243; custom_padding=&#8221;|||&#8221; global_colors_info=&#8221;{}&#8221; custom_padding__hover=&#8221;|||&#8221;][et_pb_text admin_label=&#8221;Texte&#8221; _builder_version=&#8221;4.22.2&#8243; global_colors_info=&#8221;{}&#8221;]<p style=\"text-align: center;\">\u00a9 R\u00e9alisation Anissa Ouaklani | Tous droits r\u00e9serv\u00e9s | Mentions l\u00e9gales |<\/p>[\/et_pb_text][\/et_pb_column][\/et_pb_row][\/et_pb_section]\n","protected":false},"excerpt":{"rendered":"<p>pil y a une dizaine d&#8217;ann\u00e9es d\u00e9 j\u00e0LES FREQUENCES \u00a0Votre feng shui\u00a0 &nbsp; D&#8217;abord, qu&#8217;est-ce le Feng Shui? \u00a0Le Feng shui est une force vitale universelle qui permet de recentrer et d\u2019harmoniser les \u00e9nergies qui circulent dans notre cadre de vie priv\u00e9e ou professionnelle. Si les \u00e9nergies sont bien g\u00e9r\u00e9es, elles s\u2019\u00e9quilibrent et s\u2019harmonisent. D\u00e8s [&hellip;]<\/p>\n","protected":false},"author":1,"featured_media":0,"parent":0,"menu_order":0,"comment_status":"closed","ping_status":"closed","template":"","meta":{"_et_pb_use_builder":"on","_et_pb_old_content":"","_et_gb_content_width":"","footnotes":""},"class_list":["post-5259","page","type-page","status-publish","hentry"],"_links":{"self":[{"href":"https:\/\/lalignementceleste.com\/index.php\/wp-json\/wp\/v2\/pages\/5259","targetHints":{"allow":["GET"]}}],"collection":[{"href":"https:\/\/lalignementceleste.com\/index.php\/wp-json\/wp\/v2\/pages"}],"about":[{"href":"https:\/\/lalignementceleste.com\/index.php\/wp-json\/wp\/v2\/types\/page"}],"author":[{"embeddable":true,"href":"https:\/\/lalignementceleste.com\/index.php\/wp-json\/wp\/v2\/users\/1"}],"replies":[{"embeddable":true,"href":"https:\/\/lalignementceleste.com\/index.php\/wp-json\/wp\/v2\/comments?post=5259"}],"version-history":[{"count":7,"href":"https:\/\/lalignementceleste.com\/index.php\/wp-json\/wp\/v2\/pages\/5259\/revisions"}],"predecessor-version":[{"id":5333,"href":"https:\/\/lalignementceleste.com\/index.php\/wp-json\/wp\/v2\/pages\/5259\/revisions\/5333"}],"wp:attachment":[{"href":"https:\/\/lalignementceleste.com\/index.php\/wp-json\/wp\/v2\/media?parent=5259"}],"curies":[{"name":"wp","href":"https:\/\/api.w.org\/{rel}","templated":true}]}}