{"id":5263,"date":"2024-05-01T11:35:19","date_gmt":"2024-05-01T09:35:19","guid":{"rendered":"https:\/\/lalignementceleste.com\/?page_id=5263"},"modified":"2024-05-01T11:50:57","modified_gmt":"2024-05-01T09:50:57","slug":"papotte-astrologique","status":"publish","type":"page","link":"https:\/\/lalignementceleste.com\/index.php\/papotte-astrologique\/","title":{"rendered":"Papotte astrologique"},"content":{"rendered":"<p>[et_pb_section fb_built=&#8221;1&#8243; _builder_version=&#8221;4.25.0&#8243; background_color=&#8221;#222222&#8243; background_image=&#8221;http:\/\/lalignementceleste.com\/wp-content\/uploads\/2018\/06\/d\u00e9sert.jpg&#8221; custom_padding=&#8221;0px|0px|0px|0px&#8221; global_colors_info=&#8221;{}&#8221;][et_pb_row _builder_version=&#8221;4.25.0&#8243; background_color=&#8221;#222222&#8243; background_size=&#8221;initial&#8221; background_position=&#8221;top_left&#8221; background_repeat=&#8221;repeat&#8221; custom_padding=&#8221;0px|0px|0px|0px&#8221; global_colors_info=&#8221;{}&#8221;][et_pb_column type=&#8221;4_4&#8243; _builder_version=&#8221;4.25.0&#8243; _module_preset=&#8221;default&#8221; global_colors_info=&#8221;{}&#8221;][et_pb_text admin_label=&#8221;Text&#8221; _builder_version=&#8221;4.25.0&#8243; text_text_color=&#8221;#fce4db&#8221; background_color=&#8221;#222222&#8243; background_size=&#8221;initial&#8221; background_position=&#8221;top_left&#8221; background_repeat=&#8221;repeat&#8221; custom_margin=&#8221;20px|20px|20px|20px&#8221; custom_padding=&#8221;20px|20px|2px|20px||&#8221; global_colors_info=&#8221;{}&#8221;]<\/p>\n<p style=\"text-align: center;\"><span style=\"color: #d62034;\"><span style=\"color: rgba(255, 255, 255, 0); font-size: x-large;\"><b>pil y a une dizaine d&#8217;ann\u00e9es d\u00e9<\/b><\/span><\/span><\/p>\n<p style=\"text-align: center;\"><span style=\"color: #d62034;\"><span style=\"color: rgba(255, 255, 255, 0); font-size: x-large;\"><b>j\u00e0LES FREQUENCES<\/b><\/span><\/span><\/p>\n<h1 style=\"text-align: center;\">\u00a0<span style=\"font-size: x-large; color: #fce4db;\"> Une papotte astrologique en ligne<\/span><span style=\"color: #993366; font-size: 20px; text-align: center;\"><\/span><\/h1>\n<p><span style=\"font-size: x-large; color: #fff9f9;\"><\/span><\/p>\n<p><span style=\"font-size: x-large; color: #fff9f9;\"><\/span><\/p>\n<p><span style=\"font-size: x-large; color: #fff9f9;\"><\/span><\/p>\n<p style=\"text-align: justify;\">\n<p>[\/et_pb_text][et_pb_button button_url=&#8221;https:\/\/lalignementceleste.com\/index.php\/reservation-en-ligne\/&#8221; button_text=&#8221;r\u00e9server&#8221; button_alignment=&#8221;center&#8221; _builder_version=&#8221;4.25.0&#8243; _module_preset=&#8221;default&#8221; custom_button=&#8221;on&#8221; button_text_size=&#8221;18px&#8221; button_text_color=&#8221;#d62034&#8243; background_layout=&#8221;dark&#8221; global_colors_info=&#8221;{}&#8221;][\/et_pb_button][et_pb_sidebar area=&#8221;sidebar-1&#8243; _builder_version=&#8221;4.16&#8243; background_image=&#8221;http:\/\/lalignementceleste.com\/wp-content\/uploads\/2019\/05\/alignement-celeste.jpg&#8221; global_colors_info=&#8221;{}&#8221;]&nbsp;<br \/>\n[\/et_pb_sidebar][\/et_pb_column][\/et_pb_row][\/et_pb_section][et_pb_section fb_built=&#8221;1&#8243; _builder_version=&#8221;4.25.0&#8243; background_image=&#8221;https:\/\/lalignementceleste.com\/wp-content\/uploads\/2023\/09\/cerf.jpg&#8221; parallax=&#8221;on&#8221; custom_padding=&#8221;0px|0px|0px|0px&#8221; global_colors_info=&#8221;{}&#8221;][et_pb_row _builder_version=&#8221;4.25.0&#8243; background_color=&#8221;#fce4db&#8221; background_size=&#8221;initial&#8221; background_position=&#8221;top_left&#8221; background_repeat=&#8221;repeat&#8221; custom_padding=&#8221;0px|0px|0px|0px&#8221; global_colors_info=&#8221;{}&#8221;][et_pb_column type=&#8221;4_4&#8243; _builder_version=&#8221;4.16&#8243; custom_padding=&#8221;|||&#8221; global_colors_info=&#8221;{}&#8221; custom_padding__hover=&#8221;|||&#8221;][et_pb_text admin_label=&#8221;Text&#8221; _builder_version=&#8221;4.25.0&#8243; background_color=&#8221;#fce4db&#8221; background_size=&#8221;initial&#8221; background_position=&#8221;top_left&#8221; background_repeat=&#8221;repeat&#8221; custom_margin=&#8221;20px|20px|20px|20px&#8221; custom_padding=&#8221;20px|20px|20px|20px&#8221; global_colors_info=&#8221;{}&#8221;]<\/p>\n<p>Si vous \u00eates curieux de comprendre les subtilit\u00e9s de votre th\u00e8me astrologique sans n\u00e9cessairement recevoir des pr\u00e9dictions ? Une mini consultation astrologique personnelle vous permettra d&#8217; explorer ensemble des facettes pr\u00e9cises de votre carte du ciel, comme la position de la Lune dans votre th\u00e8me natal par exemple:<\/p>\n<p>Dans ce cas, d\u00e9couvrez comment la Lune influence vos \u00e9motions, votre instinct, et votre approche de la vie quotidienne. Ensemble, nous allons plonger dans les profondeurs de votre psych\u00e9 pour comprendre vos besoins \u00e9motionnels, vos r\u00e9actions instinctives, et les d\u00e9fis que vous pourriez rencontrer.<\/p>\n<p>De m\u00eame pour la partie socio-professionnelle avec Jupiter, ou relationnelle avec par exemple V\u00e9nus ou encore Mercure, chaque plan\u00e8te de votre th\u00e8me exprime une part de vous, de vos comportements, de vos d\u00e9fis, de vos succ\u00e8s.<\/p>\n<p>Au cours de notre \u00e9change, vous aurez l&#8217;occasion d&#8217;exprimer vos questions, vos pr\u00e9occupations et vos curiosit\u00e9s sur la position de ces plan\u00e8tes dans votre vie. Vous comprendrez comment ces influences peuvent se manifester dans le domaine de votre vie qui vous tient \u00e0 coeur.<\/p>\n<p>Mon objectif est de vous offrir une exp\u00e9rience enrichissante et \u00e9clairante sans pr\u00e9dire l&#8217;avenir. Votre place dans cet univers n&#8217;en sera que plus l\u00e9gitime tout en parcourant les tendances et les potentiels r\u00e9v\u00e9l\u00e9s par votre th\u00e8me natal, vous donnant ainsi une perspective nouvelle et \u00e9clairante sur votre vie.<\/p>\n<p>En somme, laissez-vous vous guider vers une meilleure connaissance de vous-m\u00eame pour continuer sur votre chemin&#8230;<b style=\"color: rgba(255, 255, 255, 0); font-size: x-large; text-align: center;\">y a une<\/b><\/p>\n<p style=\"text-align: center;\"><span style=\"color: #d62034;\"><span style=\"color: rgba(255, 255, 255, 0); font-size: x-large;\"><b>REQUENCE<\/b><\/span><\/span><\/p>\n<p>[\/et_pb_text][et_pb_sidebar area=&#8221;sidebar-1&#8243; _builder_version=&#8221;4.16&#8243; background_image=&#8221;http:\/\/lalignementceleste.com\/wp-content\/uploads\/2019\/05\/alignement-celeste.jpg&#8221; global_colors_info=&#8221;{}&#8221;]&nbsp;<br \/>\n[\/et_pb_sidebar][\/et_pb_column][\/et_pb_row][\/et_pb_section][et_pb_section fb_built=&#8221;1&#8243; disabled_on=&#8221;off|off|off&#8221; admin_label=&#8221;realisation&#8221; _builder_version=&#8221;4.22.2&#8243; background_image=&#8221;http:\/\/lalignementceleste.com\/wp-content\/uploads\/2017\/12\/noir.jpg&#8221; custom_margin=&#8221;20px|20px|20px|20px&#8221; custom_padding=&#8221;0px|20px|0px|20px&#8221; global_module=&#8221;1889&#8243; global_colors_info=&#8221;{}&#8221;][et_pb_row _builder_version=&#8221;4.16&#8243; background_size=&#8221;initial&#8221; background_position=&#8221;top_left&#8221; background_repeat=&#8221;repeat&#8221; custom_padding=&#8221;10px|0px|0px|0px&#8221; global_colors_info=&#8221;{}&#8221;][et_pb_column type=&#8221;4_4&#8243; _builder_version=&#8221;4.16&#8243; custom_padding=&#8221;|||&#8221; global_colors_info=&#8221;{}&#8221; custom_padding__hover=&#8221;|||&#8221;][et_pb_text admin_label=&#8221;Texte&#8221; _builder_version=&#8221;4.22.2&#8243; global_colors_info=&#8221;{}&#8221;]<\/p>\n<p style=\"text-align: center;\">\u00a9 R\u00e9alisation Anissa Ouaklani | Tous droits r\u00e9serv\u00e9s | Mentions l\u00e9gales |<\/p>\n<p>[\/et_pb_text][\/et_pb_column][\/et_pb_row][\/et_pb_section]<\/p>\n","protected":false},"excerpt":{"rendered":"<p>pil y a une dizaine d&#8217;ann\u00e9es d\u00e9 j\u00e0LES FREQUENCES \u00a0 Une papotte astrologique en ligne &nbsp; Si vous \u00eates curieux de comprendre les subtilit\u00e9s de votre th\u00e8me astrologique sans n\u00e9cessairement recevoir des pr\u00e9dictions ? Une mini consultation astrologique personnelle vous permettra d&#8217; explorer ensemble des facettes pr\u00e9cises de votre carte du ciel, comme la position [&hellip;]<\/p>\n","protected":false},"author":1,"featured_media":0,"parent":0,"menu_order":0,"comment_status":"closed","ping_status":"closed","template":"","meta":{"_et_pb_use_builder":"on","_et_pb_old_content":"","_et_gb_content_width":"","footnotes":""},"class_list":["post-5263","page","type-page","status-publish","hentry"],"_links":{"self":[{"href":"https:\/\/lalignementceleste.com\/index.php\/wp-json\/wp\/v2\/pages\/5263","targetHints":{"allow":["GET"]}}],"collection":[{"href":"https:\/\/lalignementceleste.com\/index.php\/wp-json\/wp\/v2\/pages"}],"about":[{"href":"https:\/\/lalignementceleste.com\/index.php\/wp-json\/wp\/v2\/types\/page"}],"author":[{"embeddable":true,"href":"https:\/\/lalignementceleste.com\/index.php\/wp-json\/wp\/v2\/users\/1"}],"replies":[{"embeddable":true,"href":"https:\/\/lalignementceleste.com\/index.php\/wp-json\/wp\/v2\/comments?post=5263"}],"version-history":[{"count":7,"href":"https:\/\/lalignementceleste.com\/index.php\/wp-json\/wp\/v2\/pages\/5263\/revisions"}],"predecessor-version":[{"id":5280,"href":"https:\/\/lalignementceleste.com\/index.php\/wp-json\/wp\/v2\/pages\/5263\/revisions\/5280"}],"wp:attachment":[{"href":"https:\/\/lalignementceleste.com\/index.php\/wp-json\/wp\/v2\/media?parent=5263"}],"curies":[{"name":"wp","href":"https:\/\/api.w.org\/{rel}","templated":true}]}}