{"id":5315,"date":"2024-05-01T22:46:35","date_gmt":"2024-05-01T20:46:35","guid":{"rendered":"https:\/\/lalignementceleste.com\/?page_id=5315"},"modified":"2024-05-01T22:48:41","modified_gmt":"2024-05-01T20:48:41","slug":"astrologique-natale","status":"publish","type":"page","link":"https:\/\/lalignementceleste.com\/index.php\/astrologique-natale\/","title":{"rendered":"Astrologie natale"},"content":{"rendered":"\n[et_pb_section fb_built=&#8221;1&#8243; _builder_version=&#8221;4.25.0&#8243; background_color=&#8221;#222222&#8243; background_image=&#8221;http:\/\/lalignementceleste.com\/wp-content\/uploads\/2018\/06\/d\u00e9sert.jpg&#8221; custom_padding=&#8221;0px|0px|0px|0px&#8221; global_colors_info=&#8221;{}&#8221;][et_pb_row _builder_version=&#8221;4.25.0&#8243; background_color=&#8221;#222222&#8243; background_size=&#8221;initial&#8221; background_position=&#8221;top_left&#8221; background_repeat=&#8221;repeat&#8221; custom_padding=&#8221;0px|0px|0px|0px&#8221; global_colors_info=&#8221;{}&#8221;][et_pb_column type=&#8221;4_4&#8243; _builder_version=&#8221;4.25.0&#8243; _module_preset=&#8221;default&#8221; global_colors_info=&#8221;{}&#8221;][et_pb_text admin_label=&#8221;Text&#8221; _builder_version=&#8221;4.25.0&#8243; text_text_color=&#8221;#fce4db&#8221; background_color=&#8221;#222222&#8243; background_size=&#8221;initial&#8221; background_position=&#8221;top_left&#8221; background_repeat=&#8221;repeat&#8221; custom_margin=&#8221;20px|20px|20px|20px&#8221; custom_padding=&#8221;20px|20px|2px|20px||&#8221; global_colors_info=&#8221;{}&#8221;]<p style=\"text-align: center;\"><span style=\"color: #d62034;\"><span style=\"color: rgba(255, 255, 255, 0); font-size: x-large;\"><b>pil y a une dizaine d&#8217;ann\u00e9es d\u00e9<\/b><\/span><\/span><\/p>\n<p style=\"text-align: center;\"><span style=\"color: #d62034;\"><span style=\"color: rgba(255, 255, 255, 0); font-size: x-large;\"><b>j\u00e0LES FREQUENCES<\/b><\/span><\/span><\/p>\n<h1 style=\"text-align: center;\">\u00a0<span style=\"font-size: x-large; color: #fce4db;\">Votre th\u00e8me natal en ligne ou en pr\u00e9sentiel<\/span><span style=\"font-size: 20px;\"><\/span><span style=\"font-size: 20px; color: #3a3a3a;\"><\/span><span style=\"color: #4c4c4c; font-size: 20px;\"><\/span><span style=\"color: #993366; font-size: 20px; text-align: center;\"><\/span><\/h1>\n<p><span style=\"font-size: x-large; color: #fff9f9;\"><\/span><\/p>\n<p><span style=\"font-size: x-large; color: #fff9f9;\"><\/span><\/p>\n<p><span style=\"font-size: x-large; color: #fff9f9;\"><\/span><\/p>\n<p style=\"text-align: justify;\"><\/p>[\/et_pb_text][et_pb_button button_url=&#8221;https:\/\/lalignementceleste.com\/index.php\/reservation-en-ligne\/&#8221; button_text=&#8221;r\u00e9server&#8221; button_alignment=&#8221;center&#8221; _builder_version=&#8221;4.25.0&#8243; _module_preset=&#8221;default&#8221; custom_button=&#8221;on&#8221; button_text_size=&#8221;18px&#8221; button_text_color=&#8221;#d62034&#8243; background_layout=&#8221;dark&#8221; global_colors_info=&#8221;{}&#8221;][\/et_pb_button][et_pb_sidebar area=&#8221;sidebar-1&#8243; _builder_version=&#8221;4.16&#8243; background_image=&#8221;http:\/\/lalignementceleste.com\/wp-content\/uploads\/2019\/05\/alignement-celeste.jpg&#8221; global_colors_info=&#8221;{}&#8221;]&nbsp;\r[\/et_pb_sidebar][\/et_pb_column][\/et_pb_row][\/et_pb_section][et_pb_section fb_built=&#8221;1&#8243; _builder_version=&#8221;4.25.0&#8243; background_image=&#8221;https:\/\/lalignementceleste.com\/wp-content\/uploads\/2023\/09\/cerf.jpg&#8221; parallax=&#8221;on&#8221; custom_padding=&#8221;0px|0px|0px|0px&#8221; global_colors_info=&#8221;{}&#8221;][et_pb_row _builder_version=&#8221;4.25.0&#8243; background_color=&#8221;#fce4db&#8221; background_size=&#8221;initial&#8221; background_position=&#8221;top_left&#8221; background_repeat=&#8221;repeat&#8221; custom_padding=&#8221;0px|0px|0px|0px&#8221; global_colors_info=&#8221;{}&#8221;][et_pb_column type=&#8221;4_4&#8243; _builder_version=&#8221;4.16&#8243; custom_padding=&#8221;|||&#8221; global_colors_info=&#8221;{}&#8221; custom_padding__hover=&#8221;|||&#8221;][et_pb_text admin_label=&#8221;Text&#8221; _builder_version=&#8221;4.25.0&#8243; background_color=&#8221;#fce4db&#8221; background_size=&#8221;initial&#8221; background_position=&#8221;top_left&#8221; background_repeat=&#8221;repeat&#8221; custom_margin=&#8221;20px|20px|20px|20px&#8221; custom_padding=&#8221;20px|20px|20px|20px&#8221; global_colors_info=&#8221;{}&#8221;]<p>&nbsp;<\/p>\n<p>Si le th\u00e8me karmique vous aide \u00e0 comprendre QUI vous \u00eates, d&#8217;o\u00f9 vous venez et ce que vous venez accomplir r\u00e9ellement gr\u00e2ce \u00e0 la lecture d&#8217;\u00e2me, ici avec le th\u00e8me de naissance vous comprendez mieux votre personnalit\u00e9 avec son potentiel et ses tendances naturelles. Les questions de l&#8217;ordre des profondeurs ne seront pas \u00e9voqu\u00e9es outre mesure. Car dans cette incarnation-ci, votre expression corporelle et identitaire est l&#8217;outil \u00a0principal pour interagir, d\u00e9cider, sentir, bref, exister dans la mati\u00e8re consciente. Tout ne tombe pas tout seul, et comment fait-on alors avec les cartes d\u00e9j\u00e0 distribu\u00e9es? On surfe sur la vague.. Une vague chahutante ou sereine, mais une vague d\u00e9termin\u00e9e par notre espace-temps&#8230; C&#8217;est donc le natal qui montre le mieux notre expression mais qui forge aussi notre caract\u00e8re avec ses forces et ses faiblesses, sans toujours avoir besoin de savoir d&#8217;o\u00f9 cela vient&#8230; Cette lecture vient compl\u00e9ter le th\u00e8me karmique, ainsi les deux th\u00e8mes se rejoignent pour former une unit\u00e9 cosmique, une compl\u00e9tude dans la recherche de soi.<\/p>\n<p><span>Comprendre votre th\u00e8me natal peut \u00e9galement vous aider \u00e0 mieux comprendre les autres et \u00e0 am\u00e9liorer vos relations personnelles, familiales et professionnelles en reconnaissant les diff\u00e9rences et les similitudes entre vous et les autres, entre autres par exemple gr\u00e2ce aux synastries (deux th\u00e8mes de naissance \u00a0superpos\u00e9s qui montrent le potentiel d&#8217;une relation) <\/span><\/p>\n<p><span>L&#8217;astrologie peut \u00e9galement vous aider \u00e0 choisir les moments opportuns pour entreprendre des actions importantes, comme lancer un nouveau projet, d\u00e9marrer une relation ou prendre des d\u00e9cisions financi\u00e8res, tout cela en fonction de vos pr\u00e9-dispositions et de vos comp\u00e9tences natives et en voie de d\u00e9veloppement.<\/span><\/p>\n<p>Souvent, et e<span>n p\u00e9riode de crise ou de transition, une consultation en astrologie peut offrir un soutien pr\u00e9cieux en aidant \u00e0 comprendre les raisons sous-jacentes des d\u00e9fis que vous rencontrez et en vous donnant des perspectives pour surmonter ces d\u00e9fis.<\/span><\/p>\n<p>Enfin, et selon mon approche, l&#8217;astrologie n&#8217;est pas un outil de divination pour connaitre le future, car nous construisons \u00e0 chaque inspire et \u00e0 chaque expire, notre pr\u00e9sent pour un avenir que nous choisissons, tous les deux garants de nos exp\u00e9riences dont il faudra en tirer les le\u00e7ons pour \u00e9voluer et grandir.<\/p>\n<p>&nbsp;<\/p>\n<p style=\"text-align: center;\">\u00a0<span>En conclusion, une consultation en astrologie de naissance peut \u00eatre extr\u00eamement b\u00e9n\u00e9fique en offrant des connaissances, des conseils et une compr\u00e9hension approfondie de soi-m\u00eame et de sa place dans le monde. C&#8217;est un outil puissant pour explorer votre potentiel, surmonter les obstacles et vivre une vie plus \u00e9panouissante et significative.<\/span><b style=\"color: rgba(255, 255, 255, 0); font-size: x-large; text-align: left;\">nseils et une compr\u00e9hension approfondie de soi-m\u00eame et dssant pour explorer votre potentiel, surmonter les obstacl<\/b><b style=\"text-align: left; color: rgba(255, 255, 255, 0); font-size: x-large;\">CE<\/b><\/p>[\/et_pb_text][et_pb_sidebar area=&#8221;sidebar-1&#8243; _builder_version=&#8221;4.16&#8243; background_image=&#8221;http:\/\/lalignementceleste.com\/wp-content\/uploads\/2019\/05\/alignement-celeste.jpg&#8221; global_colors_info=&#8221;{}&#8221;]&nbsp;\r[\/et_pb_sidebar][\/et_pb_column][\/et_pb_row][\/et_pb_section][et_pb_section fb_built=&#8221;1&#8243; disabled_on=&#8221;off|off|off&#8221; admin_label=&#8221;realisation&#8221; _builder_version=&#8221;4.22.2&#8243; background_image=&#8221;http:\/\/lalignementceleste.com\/wp-content\/uploads\/2017\/12\/noir.jpg&#8221; custom_margin=&#8221;20px|20px|20px|20px&#8221; custom_padding=&#8221;0px|20px|0px|20px&#8221; global_module=&#8221;1889&#8243; global_colors_info=&#8221;{}&#8221;][et_pb_row _builder_version=&#8221;4.16&#8243; background_size=&#8221;initial&#8221; background_position=&#8221;top_left&#8221; background_repeat=&#8221;repeat&#8221; custom_padding=&#8221;10px|0px|0px|0px&#8221; global_colors_info=&#8221;{}&#8221;][et_pb_column type=&#8221;4_4&#8243; _builder_version=&#8221;4.16&#8243; custom_padding=&#8221;|||&#8221; global_colors_info=&#8221;{}&#8221; custom_padding__hover=&#8221;|||&#8221;][et_pb_text admin_label=&#8221;Texte&#8221; _builder_version=&#8221;4.22.2&#8243; global_colors_info=&#8221;{}&#8221;]<p style=\"text-align: center;\">\u00a9 R\u00e9alisation Anissa Ouaklani | Tous droits r\u00e9serv\u00e9s | Mentions l\u00e9gales |<\/p>[\/et_pb_text][\/et_pb_column][\/et_pb_row][\/et_pb_section]\n","protected":false},"excerpt":{"rendered":"<p>pil y a une dizaine d&#8217;ann\u00e9es d\u00e9 j\u00e0LES FREQUENCES \u00a0Votre th\u00e8me natal en ligne ou en pr\u00e9sentiel &nbsp; &nbsp; Si le th\u00e8me karmique vous aide \u00e0 comprendre QUI vous \u00eates, d&#8217;o\u00f9 vous venez et ce que vous venez accomplir r\u00e9ellement gr\u00e2ce \u00e0 la lecture d&#8217;\u00e2me, ici avec le th\u00e8me de naissance vous comprendez mieux votre [&hellip;]<\/p>\n","protected":false},"author":1,"featured_media":0,"parent":0,"menu_order":0,"comment_status":"closed","ping_status":"closed","template":"","meta":{"_et_pb_use_builder":"on","_et_pb_old_content":"","_et_gb_content_width":"","footnotes":""},"class_list":["post-5315","page","type-page","status-publish","hentry"],"_links":{"self":[{"href":"https:\/\/lalignementceleste.com\/index.php\/wp-json\/wp\/v2\/pages\/5315","targetHints":{"allow":["GET"]}}],"collection":[{"href":"https:\/\/lalignementceleste.com\/index.php\/wp-json\/wp\/v2\/pages"}],"about":[{"href":"https:\/\/lalignementceleste.com\/index.php\/wp-json\/wp\/v2\/types\/page"}],"author":[{"embeddable":true,"href":"https:\/\/lalignementceleste.com\/index.php\/wp-json\/wp\/v2\/users\/1"}],"replies":[{"embeddable":true,"href":"https:\/\/lalignementceleste.com\/index.php\/wp-json\/wp\/v2\/comments?post=5315"}],"version-history":[{"count":5,"href":"https:\/\/lalignementceleste.com\/index.php\/wp-json\/wp\/v2\/pages\/5315\/revisions"}],"predecessor-version":[{"id":5325,"href":"https:\/\/lalignementceleste.com\/index.php\/wp-json\/wp\/v2\/pages\/5315\/revisions\/5325"}],"wp:attachment":[{"href":"https:\/\/lalignementceleste.com\/index.php\/wp-json\/wp\/v2\/media?parent=5315"}],"curies":[{"name":"wp","href":"https:\/\/api.w.org\/{rel}","templated":true}]}}